{"id":19404,"date":"2024-09-09T23:10:09","date_gmt":"2024-09-09T23:10:09","guid":{"rendered":"https:\/\/tusa.viewsite.link\/product\/funda-para-gafas\/"},"modified":"2024-09-09T23:10:09","modified_gmt":"2024-09-09T23:10:09","slug":"funda-para-gafas","status":"publish","type":"product","link":"https:\/\/tusa.viewsite.link\/es\/producto\/funda-para-gafas\/","title":{"rendered":"Funda para gafas"},"content":{"rendered":"<p>La funda para gafas VA1301A se adapta a una gran variedad de gafas. Est\u00e1 fabricada con materiales duraderos que proporcionan protecci\u00f3n contra el desgaste diario. La funda para gafas VA1301A es una funda ligera y compacta que drena el agua permitiendo que tus gafas se sequen r\u00e1pidamente. El mosquet\u00f3n permite sujetarla r\u00e1pida y f\u00e1cilmente a las bolsas de equipo.   <\/p>\n<p>&nbsp;<\/p>\n<p><strong>Dimensiones:<\/strong><\/p>\n<p>6,69 x 6,69 x 2,44 pulg.<br \/>\n.06 kg<\/p>\n","protected":false},"excerpt":{"rendered":"<p>La funda para gafas VA1301A se adapta a una gran variedad de gafas. Fabricada con materiales duraderos que proporcionan protecci\u00f3n contra el desgaste diario. <\/p>\n","protected":false},"featured_media":19412,"comment_status":"closed","ping_status":"closed","template":"","meta":{"_acf_changed":false},"product_cat":[440],"product_tag":[],"class_list":{"0":"post-19404","1":"product","2":"type-product","3":"status-publish","4":"has-post-thumbnail","6":"product_cat-accesorios-es-2","8":"first","9":"instock","10":"purchasable","11":"product-type-variable"},"acf":[],"_links":{"self":[{"href":"https:\/\/tusa.viewsite.link\/es\/wp-json\/wp\/v2\/product\/19404","targetHints":{"allow":["GET"]}}],"collection":[{"href":"https:\/\/tusa.viewsite.link\/es\/wp-json\/wp\/v2\/product"}],"about":[{"href":"https:\/\/tusa.viewsite.link\/es\/wp-json\/wp\/v2\/types\/product"}],"replies":[{"embeddable":true,"href":"https:\/\/tusa.viewsite.link\/es\/wp-json\/wp\/v2\/comments?post=19404"}],"wp:featuredmedia":[{"embeddable":true,"href":"https:\/\/tusa.viewsite.link\/es\/wp-json\/wp\/v2\/media\/19412"}],"wp:attachment":[{"href":"https:\/\/tusa.viewsite.link\/es\/wp-json\/wp\/v2\/media?parent=19404"}],"wp:term":[{"taxonomy":"product_cat","embeddable":true,"href":"https:\/\/tusa.viewsite.link\/es\/wp-json\/wp\/v2\/product_cat?post=19404"},{"taxonomy":"product_tag","embeddable":true,"href":"https:\/\/tusa.viewsite.link\/es\/wp-json\/wp\/v2\/product_tag?post=19404"}],"curies":[{"name":"wp","href":"https:\/\/api.w.org\/{rel}","templated":true}]}}