{"id":19396,"date":"2024-09-09T23:10:09","date_gmt":"2024-09-09T23:10:09","guid":{"rendered":"https:\/\/tusa.viewsite.link\/product\/lente-correctora-para-v-500a\/"},"modified":"2024-09-09T23:10:09","modified_gmt":"2024-09-09T23:10:09","slug":"lente-correctora-para-v-500a","status":"publish","type":"product","link":"https:\/\/tusa.viewsite.link\/es\/producto\/lente-correctora-para-v-500a\/","title":{"rendered":"Lente correctora para V-500A"},"content":{"rendered":"<p>Estas vers\u00e1tiles lentes correctoras +\/- pueden insertarse en la gafa V-500A Platina, pero tambi\u00e9n pueden combinarse con el kit de piezas VPS-500A para personalizar un par de gafas graduadas. Con s\u00f3lo dos lentes y un kit de correas VPS-500A, el nadador tiene un par de gafas personalizadas y una visi\u00f3n totalmente nueva bajo el agua. <\/p>\n<p>&nbsp;<\/p>\n<p><strong>Dimensiones:<\/strong><\/p>\n<p>1 x 4 x 2 pulgadas<br \/>\n.1 lb<\/p>\n","protected":false},"excerpt":{"rendered":"<p>Estas vers\u00e1tiles lentes correctoras +\/- pueden insertarse en la gafa V-500A Platina, pero tambi\u00e9n pueden combinarse con el Kit de piezas VPS-500A para personalizar un par de gafas graduadas.<\/p>\n","protected":false},"featured_media":19403,"comment_status":"closed","ping_status":"closed","template":"","meta":{"_acf_changed":false},"product_cat":[441],"product_tag":[],"class_list":{"0":"post-19396","1":"product","2":"type-product","3":"status-publish","4":"has-post-thumbnail","6":"product_cat-lentes-correctoras","8":"first","9":"instock","10":"purchasable","11":"product-type-variable"},"acf":[],"_links":{"self":[{"href":"https:\/\/tusa.viewsite.link\/es\/wp-json\/wp\/v2\/product\/19396","targetHints":{"allow":["GET"]}}],"collection":[{"href":"https:\/\/tusa.viewsite.link\/es\/wp-json\/wp\/v2\/product"}],"about":[{"href":"https:\/\/tusa.viewsite.link\/es\/wp-json\/wp\/v2\/types\/product"}],"replies":[{"embeddable":true,"href":"https:\/\/tusa.viewsite.link\/es\/wp-json\/wp\/v2\/comments?post=19396"}],"wp:featuredmedia":[{"embeddable":true,"href":"https:\/\/tusa.viewsite.link\/es\/wp-json\/wp\/v2\/media\/19403"}],"wp:attachment":[{"href":"https:\/\/tusa.viewsite.link\/es\/wp-json\/wp\/v2\/media?parent=19396"}],"wp:term":[{"taxonomy":"product_cat","embeddable":true,"href":"https:\/\/tusa.viewsite.link\/es\/wp-json\/wp\/v2\/product_cat?post=19396"},{"taxonomy":"product_tag","embeddable":true,"href":"https:\/\/tusa.viewsite.link\/es\/wp-json\/wp\/v2\/product_tag?post=19396"}],"curies":[{"name":"wp","href":"https:\/\/api.w.org\/{rel}","templated":true}]}}