{"id":19387,"date":"2024-09-09T23:10:09","date_gmt":"2024-09-09T23:10:09","guid":{"rendered":"https:\/\/tusa.viewsite.link\/product\/kit-de-piezas-para-v-500a\/"},"modified":"2024-09-09T23:10:09","modified_gmt":"2024-09-09T23:10:09","slug":"kit-de-piezas-para-v-500a","status":"publish","type":"product","link":"https:\/\/tusa.viewsite.link\/es\/producto\/kit-de-piezas-para-v-500a\/","title":{"rendered":"Kit de piezas para V-500A"},"content":{"rendered":"<p>El VPS-500A es un kit de piezas de 5 piezas que te permite montar tus propias gafas utilizando diferentes piezas nasales y ajustadores de correa. Con 3 piezas nasales de distintos tama\u00f1os, clips laterales y una correa de silicona, la VPS-500A es un kit dise\u00f1ado para las lentes correctoras VC-510A (se necesitan 2 lentes) o como kit de piezas de repuesto para la gafa V-500 Platina. El kit puede ajustarse f\u00e1cilmente con clips laterales intercambiables que se sueltan r\u00e1pida y f\u00e1cilmente.  <\/p>\n<p>&nbsp;<\/p>\n<p><strong>Dimensiones:<\/strong><\/p>\n<p>15 libras<\/p>\n","protected":false},"excerpt":{"rendered":"<p>El VPS-500A es un kit de piezas de 5 piezas que te permite montar tus propias gafas utilizando diferentes piezas nasales y ajustadores de correa.<\/p>\n","protected":false},"featured_media":19393,"comment_status":"closed","ping_status":"closed","template":"","meta":{"_acf_changed":false},"product_cat":[441],"product_tag":[],"class_list":{"0":"post-19387","1":"product","2":"type-product","3":"status-publish","4":"has-post-thumbnail","6":"product_cat-lentes-correctoras","8":"first","9":"instock","10":"purchasable","11":"product-type-variable"},"acf":[],"_links":{"self":[{"href":"https:\/\/tusa.viewsite.link\/es\/wp-json\/wp\/v2\/product\/19387","targetHints":{"allow":["GET"]}}],"collection":[{"href":"https:\/\/tusa.viewsite.link\/es\/wp-json\/wp\/v2\/product"}],"about":[{"href":"https:\/\/tusa.viewsite.link\/es\/wp-json\/wp\/v2\/types\/product"}],"replies":[{"embeddable":true,"href":"https:\/\/tusa.viewsite.link\/es\/wp-json\/wp\/v2\/comments?post=19387"}],"wp:featuredmedia":[{"embeddable":true,"href":"https:\/\/tusa.viewsite.link\/es\/wp-json\/wp\/v2\/media\/19393"}],"wp:attachment":[{"href":"https:\/\/tusa.viewsite.link\/es\/wp-json\/wp\/v2\/media?parent=19387"}],"wp:term":[{"taxonomy":"product_cat","embeddable":true,"href":"https:\/\/tusa.viewsite.link\/es\/wp-json\/wp\/v2\/product_cat?post=19387"},{"taxonomy":"product_tag","embeddable":true,"href":"https:\/\/tusa.viewsite.link\/es\/wp-json\/wp\/v2\/product_tag?post=19387"}],"curies":[{"name":"wp","href":"https:\/\/api.w.org\/{rel}","templated":true}]}}