{"id":19386,"date":"2024-09-09T23:10:09","date_gmt":"2024-09-09T23:10:09","guid":{"rendered":"https:\/\/tusa.viewsite.link\/product\/toalla-deportiva\/"},"modified":"2024-09-09T23:10:09","modified_gmt":"2024-09-09T23:10:09","slug":"toalla-deportiva","status":"publish","type":"product","link":"https:\/\/tusa.viewsite.link\/es\/producto\/toalla-deportiva\/","title":{"rendered":"Toalla deportiva"},"content":{"rendered":"<p>Esta toalla deportiva es una forma r\u00e1pida y f\u00e1cil de secar cualquier cosa, incluido t\u00fa mismo. Ideal para todas las edades y para el atleta multideporte. La toalla es&nbsp;35in x 15in (90cm x 40cm), y absorbe 1,8 veces su propio peso con una acci\u00f3n capilar \u00fanica. Este producto de microfibra no contiene productos qu\u00edmicos ni silicona. Su fibra de secci\u00f3n transversal en forma de tri\u00e1ngulo atrapa el agua y retiene la humedad mejor que las toallas est\u00e1ndar sin el volumen. Se puede lavar a m\u00e1quina con agua caliente o fr\u00eda y secar en secadora. Ideal para el nadador o el buceador.      <\/p>\n<p>&nbsp;<\/p>\n<p><strong>Dimensiones:<\/strong> 35in x 15in<\/p>\n","protected":false},"excerpt":{"rendered":"<p>Esta toalla deportiva es una forma r\u00e1pida y f\u00e1cil de secar cualquier cosa, incluido t\u00fa mismo. Ideal para todas las edades y para el deportista multideporte. <\/p>\n","protected":false},"featured_media":19390,"comment_status":"closed","ping_status":"closed","template":"","meta":{"_acf_changed":false},"product_cat":[440],"product_tag":[],"class_list":{"0":"post-19386","1":"product","2":"type-product","3":"status-publish","4":"has-post-thumbnail","6":"product_cat-accesorios-es-2","8":"first","9":"instock","10":"purchasable","11":"product-type-variable"},"acf":[],"_links":{"self":[{"href":"https:\/\/tusa.viewsite.link\/es\/wp-json\/wp\/v2\/product\/19386","targetHints":{"allow":["GET"]}}],"collection":[{"href":"https:\/\/tusa.viewsite.link\/es\/wp-json\/wp\/v2\/product"}],"about":[{"href":"https:\/\/tusa.viewsite.link\/es\/wp-json\/wp\/v2\/types\/product"}],"replies":[{"embeddable":true,"href":"https:\/\/tusa.viewsite.link\/es\/wp-json\/wp\/v2\/comments?post=19386"}],"wp:featuredmedia":[{"embeddable":true,"href":"https:\/\/tusa.viewsite.link\/es\/wp-json\/wp\/v2\/media\/19390"}],"wp:attachment":[{"href":"https:\/\/tusa.viewsite.link\/es\/wp-json\/wp\/v2\/media?parent=19386"}],"wp:term":[{"taxonomy":"product_cat","embeddable":true,"href":"https:\/\/tusa.viewsite.link\/es\/wp-json\/wp\/v2\/product_cat?post=19386"},{"taxonomy":"product_tag","embeddable":true,"href":"https:\/\/tusa.viewsite.link\/es\/wp-json\/wp\/v2\/product_tag?post=19386"}],"curies":[{"name":"wp","href":"https:\/\/api.w.org\/{rel}","templated":true}]}}