{"id":19373,"date":"2024-09-09T23:10:09","date_gmt":"2024-09-09T23:10:09","guid":{"rendered":"https:\/\/tusa.viewsite.link\/product\/lente-correctora-swipe\/"},"modified":"2024-09-09T23:10:09","modified_gmt":"2024-09-09T23:10:09","slug":"lente-correctora-swipe","status":"publish","type":"product","link":"https:\/\/tusa.viewsite.link\/es\/producto\/lente-correctora-swipe\/","title":{"rendered":"Lente correctora SWIPE"},"content":{"rendered":"<p>Las lentes correctoras VC580AS SWIPE son lentes correctoras vers\u00e1tiles +\/- que pueden combinarse con el kit de piezas VPS570A para personalizar un par de gafas correctoras. Con s\u00f3lo dos lentes y un kit de correas VPS570A, el nadador tiene un par de gafas antivaho SWIPE personalizadas y una visi\u00f3n totalmente nueva bajo el agua. \u00abSWIPE ANTI-NEMBARA\u00bb puede limpiar la lente con unos pocos movimientos del dedo y se restablecer\u00e1 una visi\u00f3n n\u00edtida.  Nota: si compras el kit de piezas VPS570A, se necesitan dos lentes para completar la gafa.   <\/p>\n<p>&nbsp;<\/p>\n<p><strong>Dimensiones:<\/strong><\/p>\n<p>.04 lb<\/p>\n","protected":false},"excerpt":{"rendered":"<p>Las lentes correctoras VC580AS SWIPE son lentes correctoras vers\u00e1tiles +\/- que pueden combinarse con el Kit de piezas VPS570A para personalizar un par de gafas correctoras.<\/p>\n","protected":false},"featured_media":19383,"comment_status":"closed","ping_status":"closed","template":"","meta":{"_acf_changed":false},"product_cat":[441],"product_tag":[],"class_list":{"0":"post-19373","1":"product","2":"type-product","3":"status-publish","4":"has-post-thumbnail","6":"product_cat-lentes-correctoras","8":"first","9":"instock","10":"purchasable","11":"product-type-variable"},"acf":[],"_links":{"self":[{"href":"https:\/\/tusa.viewsite.link\/es\/wp-json\/wp\/v2\/product\/19373","targetHints":{"allow":["GET"]}}],"collection":[{"href":"https:\/\/tusa.viewsite.link\/es\/wp-json\/wp\/v2\/product"}],"about":[{"href":"https:\/\/tusa.viewsite.link\/es\/wp-json\/wp\/v2\/types\/product"}],"replies":[{"embeddable":true,"href":"https:\/\/tusa.viewsite.link\/es\/wp-json\/wp\/v2\/comments?post=19373"}],"wp:featuredmedia":[{"embeddable":true,"href":"https:\/\/tusa.viewsite.link\/es\/wp-json\/wp\/v2\/media\/19383"}],"wp:attachment":[{"href":"https:\/\/tusa.viewsite.link\/es\/wp-json\/wp\/v2\/media?parent=19373"}],"wp:term":[{"taxonomy":"product_cat","embeddable":true,"href":"https:\/\/tusa.viewsite.link\/es\/wp-json\/wp\/v2\/product_cat?post=19373"},{"taxonomy":"product_tag","embeddable":true,"href":"https:\/\/tusa.viewsite.link\/es\/wp-json\/wp\/v2\/product_tag?post=19373"}],"curies":[{"name":"wp","href":"https:\/\/api.w.org\/{rel}","templated":true}]}}