{"id":19372,"date":"2024-09-09T23:09:52","date_gmt":"2024-09-09T23:09:52","guid":{"rendered":"https:\/\/tusa.viewsite.link\/product\/platina\/"},"modified":"2024-09-09T23:09:52","modified_gmt":"2024-09-09T23:09:52","slug":"platina","status":"publish","type":"product","link":"https:\/\/tusa.viewsite.link\/es\/producto\/platina\/","title":{"rendered":"Platina"},"content":{"rendered":"<p>Los clips laterales flexibles como muelles permiten a la gafa V-500A Platina absorber los impactos externos. Su dise\u00f1o permite una gran estabilidad y comodidad en la cara. El nuevo dise\u00f1o de la correa de silicona con grosor variable hace que esta gafa sea m\u00e1s f\u00e1cil de quitar y m\u00e1s c\u00f3moda. Los hoyuelos a\u00f1adidos en la parte posterior de la correa evitan a\u00fan m\u00e1s que \u00e9sta y las gafas resbalen. Se han introducido clips laterales intercambiables que se ajustan m\u00e1s r\u00e1pida y f\u00e1cilmente y pueden ajustarse a cualquier longitud de correa que se necesite. Esta vers\u00e1til gafa est\u00e1 disponible con el sistema de lentes correctoras VC-510A VIEW Rx en una amplia gama de +\/- dioptr\u00edas.     <\/p>\n<p>&nbsp;<\/p>\n<p><strong>Dimensiones:<\/strong><\/p>\n<p>7,83 x 2,4 x 1,77 pulg.<\/p>\n","protected":false},"excerpt":{"rendered":"<p>Los clips laterales flexibles como muelles permiten que la gafa V-500A Platina absorba los impactos externos, y su dise\u00f1o permite una gran estabilidad y comodidad en la cara.<\/p>\n","protected":false},"featured_media":19378,"comment_status":"closed","ping_status":"closed","template":"","meta":{"_acf_changed":false},"product_cat":[433,434],"product_tag":[],"class_list":{"0":"post-19372","1":"product","2":"type-product","3":"status-publish","4":"has-post-thumbnail","6":"product_cat-todas-las-gafas","7":"product_cat-recreativo","9":"first","10":"instock","11":"purchasable","12":"product-type-variable"},"acf":[],"_links":{"self":[{"href":"https:\/\/tusa.viewsite.link\/es\/wp-json\/wp\/v2\/product\/19372","targetHints":{"allow":["GET"]}}],"collection":[{"href":"https:\/\/tusa.viewsite.link\/es\/wp-json\/wp\/v2\/product"}],"about":[{"href":"https:\/\/tusa.viewsite.link\/es\/wp-json\/wp\/v2\/types\/product"}],"replies":[{"embeddable":true,"href":"https:\/\/tusa.viewsite.link\/es\/wp-json\/wp\/v2\/comments?post=19372"}],"wp:featuredmedia":[{"embeddable":true,"href":"https:\/\/tusa.viewsite.link\/es\/wp-json\/wp\/v2\/media\/19378"}],"wp:attachment":[{"href":"https:\/\/tusa.viewsite.link\/es\/wp-json\/wp\/v2\/media?parent=19372"}],"wp:term":[{"taxonomy":"product_cat","embeddable":true,"href":"https:\/\/tusa.viewsite.link\/es\/wp-json\/wp\/v2\/product_cat?post=19372"},{"taxonomy":"product_tag","embeddable":true,"href":"https:\/\/tusa.viewsite.link\/es\/wp-json\/wp\/v2\/product_tag?post=19372"}],"curies":[{"name":"wp","href":"https:\/\/api.w.org\/{rel}","templated":true}]}}