{"id":19344,"date":"2024-09-09T23:09:52","date_gmt":"2024-09-09T23:09:52","guid":{"rendered":"https:\/\/tusa.viewsite.link\/product\/swipe-fitness-lente-curva\/"},"modified":"2024-09-09T23:09:52","modified_gmt":"2024-09-09T23:09:52","slug":"swipe-fitness-lente-curva","status":"publish","type":"product","link":"https:\/\/tusa.viewsite.link\/es\/producto\/swipe-fitness-lente-curva\/","title":{"rendered":"SWIPE Fitness (Lente curva)"},"content":{"rendered":"<p>Las gafas de nataci\u00f3n VIEW V-640ASA de lentes curvadas para adultos proporcionan un ajuste c\u00f3modo. La estructura de ranura fina puede soportar las desigualdades de la cara que var\u00edan de una persona a otra. El ajuste redondo de la correa nasal se corresponde con la diferencia izquierda-derecha de la cara. El dise\u00f1o curvado de la lente proporciona un amplio campo de visi\u00f3n. La nueva tecnolog\u00eda Speedy Fit te permite ajustar f\u00e1cilmente la correa con una sola mano. La nueva tecnolog\u00eda antivaho SWIPE proporciona un efecto antivaho 10 veces mayor.     <\/p>\n<p>&nbsp;<\/p>\n<p><strong>Dimensiones:<\/strong><\/p>\n<p>7,24 x 2,24 x 1,93 pulg.<\/p>\n","protected":false},"excerpt":{"rendered":"<p>Las gafas de nataci\u00f3n VIEW V-640ASA con lentes curvadas para adultos proporcionan un ajuste c\u00f3modo y la fina estructura acanalada puede soportar las irregularidades de la cara que var\u00edan de una persona a otra.<\/p>\n","protected":false},"featured_media":19361,"comment_status":"closed","ping_status":"closed","template":"","meta":{"_acf_changed":false},"product_cat":[433,438],"product_tag":[],"class_list":{"0":"post-19344","1":"product","2":"type-product","3":"status-publish","4":"has-post-thumbnail","6":"product_cat-todas-las-gafas","7":"product_cat-swipe-es","9":"first","10":"instock","11":"purchasable","12":"product-type-variable"},"acf":[],"_links":{"self":[{"href":"https:\/\/tusa.viewsite.link\/es\/wp-json\/wp\/v2\/product\/19344","targetHints":{"allow":["GET"]}}],"collection":[{"href":"https:\/\/tusa.viewsite.link\/es\/wp-json\/wp\/v2\/product"}],"about":[{"href":"https:\/\/tusa.viewsite.link\/es\/wp-json\/wp\/v2\/types\/product"}],"replies":[{"embeddable":true,"href":"https:\/\/tusa.viewsite.link\/es\/wp-json\/wp\/v2\/comments?post=19344"}],"wp:featuredmedia":[{"embeddable":true,"href":"https:\/\/tusa.viewsite.link\/es\/wp-json\/wp\/v2\/media\/19361"}],"wp:attachment":[{"href":"https:\/\/tusa.viewsite.link\/es\/wp-json\/wp\/v2\/media?parent=19344"}],"wp:term":[{"taxonomy":"product_cat","embeddable":true,"href":"https:\/\/tusa.viewsite.link\/es\/wp-json\/wp\/v2\/product_cat?post=19344"},{"taxonomy":"product_tag","embeddable":true,"href":"https:\/\/tusa.viewsite.link\/es\/wp-json\/wp\/v2\/product_tag?post=19344"}],"curies":[{"name":"wp","href":"https:\/\/api.w.org\/{rel}","templated":true}]}}