{"id":19338,"date":"2024-09-09T23:09:52","date_gmt":"2024-09-09T23:09:52","guid":{"rendered":"https:\/\/tusa.viewsite.link\/product\/gorro-de-natacion\/"},"modified":"2024-09-09T23:09:52","modified_gmt":"2024-09-09T23:09:52","slug":"gorro-de-natacion","status":"publish","type":"product","link":"https:\/\/tusa.viewsite.link\/es\/producto\/gorro-de-natacion\/","title":{"rendered":"Gorro de nataci\u00f3n"},"content":{"rendered":"<p>El gorro de silicona V-31A es suave, duradero y c\u00f3modo. La silicona 100% no desti\u00f1e. Peque\u00f1o logotipo de la vista. Dise\u00f1o redondeado sin arrugas para un mejor ajuste y una menor resistencia. Interior antideslizante, resistente al desgarro y f\u00e1cil de poner. Se adapta a adultos y ni\u00f1os.     <\/p>\n<p>&nbsp;<\/p>\n<p><strong>Dimensiones:<\/strong><\/p>\n<p>9 x 5 x 0,2 pulg.<\/p>\n","protected":false},"excerpt":{"rendered":"<p>El tap\u00f3n de silicona V-31A es suave, duradero y c\u00f3modo.<\/p>\n","protected":false},"featured_media":19348,"comment_status":"closed","ping_status":"closed","template":"","meta":{"_acf_changed":false},"product_cat":[440],"product_tag":[],"class_list":{"0":"post-19338","1":"product","2":"type-product","3":"status-publish","4":"has-post-thumbnail","6":"product_cat-accesorios-es-2","8":"first","9":"instock","10":"purchasable","11":"product-type-variable"},"acf":[],"_links":{"self":[{"href":"https:\/\/tusa.viewsite.link\/es\/wp-json\/wp\/v2\/product\/19338","targetHints":{"allow":["GET"]}}],"collection":[{"href":"https:\/\/tusa.viewsite.link\/es\/wp-json\/wp\/v2\/product"}],"about":[{"href":"https:\/\/tusa.viewsite.link\/es\/wp-json\/wp\/v2\/types\/product"}],"replies":[{"embeddable":true,"href":"https:\/\/tusa.viewsite.link\/es\/wp-json\/wp\/v2\/comments?post=19338"}],"wp:featuredmedia":[{"embeddable":true,"href":"https:\/\/tusa.viewsite.link\/es\/wp-json\/wp\/v2\/media\/19348"}],"wp:attachment":[{"href":"https:\/\/tusa.viewsite.link\/es\/wp-json\/wp\/v2\/media?parent=19338"}],"wp:term":[{"taxonomy":"product_cat","embeddable":true,"href":"https:\/\/tusa.viewsite.link\/es\/wp-json\/wp\/v2\/product_cat?post=19338"},{"taxonomy":"product_tag","embeddable":true,"href":"https:\/\/tusa.viewsite.link\/es\/wp-json\/wp\/v2\/product_tag?post=19338"}],"curies":[{"name":"wp","href":"https:\/\/api.w.org\/{rel}","templated":true}]}}