{"id":19322,"date":"2024-09-09T23:09:52","date_gmt":"2024-09-09T23:09:52","guid":{"rendered":"https:\/\/tusa.viewsite.link\/product\/imprex\/"},"modified":"2024-09-09T23:09:52","modified_gmt":"2024-09-09T23:09:52","slug":"imprex","status":"publish","type":"product","link":"https:\/\/tusa.viewsite.link\/es\/producto\/imprex\/","title":{"rendered":"Imprex"},"content":{"rendered":"<p>Ajuste ideal para todos, con acolchado supersuave y correas f\u00e1cilmente ajustables para hacer de la V-300A Imprex una gafa de confort superior. La V-300A est\u00e1 dise\u00f1ada espec\u00edficamente para ofrecer la m\u00e1xima comodidad. Los sellados oculares extralargos contribuyen a un ajuste m\u00e1s c\u00f3modo, disminuyendo tambi\u00e9n las impresiones en la cara tras un uso prolongado. Los sellados oculares supersuaves facilitan el uso de esta gafa durante largos periodos de tiempo. Un ajustador de correa de f\u00e1cil extracci\u00f3n permite ajustar y colocar las gafas sin esfuerzo. Su sencillo dise\u00f1o permite al usuario elegir su talla ideal y meterse en el agua m\u00e1s r\u00e1pidamente. Su puente nasal de silicona es otra caracter\u00edstica que hace que la V-300A sea c\u00f3moda y f\u00e1cil de usar.      <\/p>\n<p>&nbsp;<\/p>\n<p><strong>Dimensiones:<\/strong><\/p>\n<p>8,03 x 2,48 x 1,89 pulg.<\/p>\n","protected":false},"excerpt":{"rendered":"<p>Ajuste ideal para todos, con acolchado supersuave y correas f\u00e1cilmente ajustables que hacen de la V-300A Imprex una gafa de confort superior.<\/p>\n","protected":false},"featured_media":19331,"comment_status":"closed","ping_status":"closed","template":"","meta":{"_acf_changed":false},"product_cat":[433,434],"product_tag":[],"class_list":{"0":"post-19322","1":"product","2":"type-product","3":"status-publish","4":"has-post-thumbnail","6":"product_cat-todas-las-gafas","7":"product_cat-recreativo","9":"first","10":"instock","11":"purchasable","12":"product-type-variable"},"acf":[],"_links":{"self":[{"href":"https:\/\/tusa.viewsite.link\/es\/wp-json\/wp\/v2\/product\/19322","targetHints":{"allow":["GET"]}}],"collection":[{"href":"https:\/\/tusa.viewsite.link\/es\/wp-json\/wp\/v2\/product"}],"about":[{"href":"https:\/\/tusa.viewsite.link\/es\/wp-json\/wp\/v2\/types\/product"}],"replies":[{"embeddable":true,"href":"https:\/\/tusa.viewsite.link\/es\/wp-json\/wp\/v2\/comments?post=19322"}],"wp:featuredmedia":[{"embeddable":true,"href":"https:\/\/tusa.viewsite.link\/es\/wp-json\/wp\/v2\/media\/19331"}],"wp:attachment":[{"href":"https:\/\/tusa.viewsite.link\/es\/wp-json\/wp\/v2\/media?parent=19322"}],"wp:term":[{"taxonomy":"product_cat","embeddable":true,"href":"https:\/\/tusa.viewsite.link\/es\/wp-json\/wp\/v2\/product_cat?post=19322"},{"taxonomy":"product_tag","embeddable":true,"href":"https:\/\/tusa.viewsite.link\/es\/wp-json\/wp\/v2\/product_tag?post=19322"}],"curies":[{"name":"wp","href":"https:\/\/api.w.org\/{rel}","templated":true}]}}