{"id":19311,"date":"2024-09-09T23:09:52","date_gmt":"2024-09-09T23:09:52","guid":{"rendered":"https:\/\/tusa.viewsite.link\/product\/swipe-aile-espejo\/"},"modified":"2024-09-09T23:09:52","modified_gmt":"2024-09-09T23:09:52","slug":"swipe-aile-espejo","status":"publish","type":"product","link":"https:\/\/tusa.viewsite.link\/es\/producto\/swipe-aile-espejo\/","title":{"rendered":"Swipe Aile &#8211; Espejo"},"content":{"rendered":"<p>Gafas de competici\u00f3n con amortiguaci\u00f3n para que permanezcan en su sitio incluso al sumergirte o girar. La conexi\u00f3n entre la unidad principal y la correa hace que quede firmemente sujeta a la cara. Incluye una almohadilla de tacto suave en la cara, recomendada para fitness. Lentes curvadas de perfil bajo para una visi\u00f3n amplia a izquierda y derecha. La corredera ajustable permite ajustar f\u00e1cilmente la longitud de la correa    <\/p>\n<p>&nbsp;<\/p>\n<p><strong>Dimensiones:<\/strong><\/p>\n<p>1.5&#215;5.6 in<br \/>\n.25 lb<\/p>\n","protected":false},"excerpt":{"rendered":"<p>Gafas de competici\u00f3n con amortiguaci\u00f3n para que permanezcan en su sitio incluso al sumergirte o girar.<\/p>\n","protected":false},"featured_media":19317,"comment_status":"closed","ping_status":"closed","template":"","meta":{"_acf_changed":false},"product_cat":[433,438],"product_tag":[],"class_list":{"0":"post-19311","1":"product","2":"type-product","3":"status-publish","4":"has-post-thumbnail","6":"product_cat-todas-las-gafas","7":"product_cat-swipe-es","9":"first","10":"instock","11":"purchasable","12":"product-type-variable"},"acf":[],"_links":{"self":[{"href":"https:\/\/tusa.viewsite.link\/es\/wp-json\/wp\/v2\/product\/19311","targetHints":{"allow":["GET"]}}],"collection":[{"href":"https:\/\/tusa.viewsite.link\/es\/wp-json\/wp\/v2\/product"}],"about":[{"href":"https:\/\/tusa.viewsite.link\/es\/wp-json\/wp\/v2\/types\/product"}],"replies":[{"embeddable":true,"href":"https:\/\/tusa.viewsite.link\/es\/wp-json\/wp\/v2\/comments?post=19311"}],"wp:featuredmedia":[{"embeddable":true,"href":"https:\/\/tusa.viewsite.link\/es\/wp-json\/wp\/v2\/media\/19317"}],"wp:attachment":[{"href":"https:\/\/tusa.viewsite.link\/es\/wp-json\/wp\/v2\/media?parent=19311"}],"wp:term":[{"taxonomy":"product_cat","embeddable":true,"href":"https:\/\/tusa.viewsite.link\/es\/wp-json\/wp\/v2\/product_cat?post=19311"},{"taxonomy":"product_tag","embeddable":true,"href":"https:\/\/tusa.viewsite.link\/es\/wp-json\/wp\/v2\/product_tag?post=19311"}],"curies":[{"name":"wp","href":"https:\/\/api.w.org\/{rel}","templated":true}]}}