{"id":19233,"date":"2024-09-09T23:09:52","date_gmt":"2024-09-09T23:09:52","guid":{"rendered":"https:\/\/tusa.viewsite.link\/product\/selene\/"},"modified":"2024-09-09T23:09:52","modified_gmt":"2024-09-09T23:09:52","slug":"selene","status":"publish","type":"product","link":"https:\/\/tusa.viewsite.link\/es\/producto\/selene\/","title":{"rendered":"Selene"},"content":{"rendered":"<p>Estas gafas son f\u00e1ciles de usar e incre\u00edblemente c\u00f3modas. VIEW ha desarrollado estas gafas integrando material ultrasuave con material firme en distintas partes de la gafa.  El material firme se utiliza para la montura que rodea la lente, mientras que el material ultrasuave se utiliza para la secci\u00f3n de la almohadilla facial que entra en contacto directo con la piel. El resultado es una almohadilla facial que se adapta suavemente a la piel, y la sensaci\u00f3n de ajuste no se parece a nada que hayas sentido antes. <\/p>\n<p>&nbsp;<\/p>\n<p><strong>Dimensiones:<\/strong><\/p>\n<p>8x3x3 en<br \/>\n 4 oz<\/p>\n","protected":false},"excerpt":{"rendered":"<p>Estas gafas son f\u00e1ciles de usar e incre\u00edblemente c\u00f3modas. VIEW ha desarrollado estas gafas integrando material ultrasuave con material firme en distintas partes de la gafa. <\/p>\n","protected":false},"featured_media":19246,"comment_status":"closed","ping_status":"closed","template":"","meta":{"_acf_changed":false},"product_cat":[433,434],"product_tag":[],"class_list":{"0":"post-19233","1":"product","2":"type-product","3":"status-publish","4":"has-post-thumbnail","6":"product_cat-todas-las-gafas","7":"product_cat-recreativo","9":"first","10":"instock","11":"purchasable","12":"product-type-variable"},"acf":[],"_links":{"self":[{"href":"https:\/\/tusa.viewsite.link\/es\/wp-json\/wp\/v2\/product\/19233","targetHints":{"allow":["GET"]}}],"collection":[{"href":"https:\/\/tusa.viewsite.link\/es\/wp-json\/wp\/v2\/product"}],"about":[{"href":"https:\/\/tusa.viewsite.link\/es\/wp-json\/wp\/v2\/types\/product"}],"replies":[{"embeddable":true,"href":"https:\/\/tusa.viewsite.link\/es\/wp-json\/wp\/v2\/comments?post=19233"}],"wp:featuredmedia":[{"embeddable":true,"href":"https:\/\/tusa.viewsite.link\/es\/wp-json\/wp\/v2\/media\/19246"}],"wp:attachment":[{"href":"https:\/\/tusa.viewsite.link\/es\/wp-json\/wp\/v2\/media?parent=19233"}],"wp:term":[{"taxonomy":"product_cat","embeddable":true,"href":"https:\/\/tusa.viewsite.link\/es\/wp-json\/wp\/v2\/product_cat?post=19233"},{"taxonomy":"product_tag","embeddable":true,"href":"https:\/\/tusa.viewsite.link\/es\/wp-json\/wp\/v2\/product_tag?post=19233"}],"curies":[{"name":"wp","href":"https:\/\/api.w.org\/{rel}","templated":true}]}}