{"id":19217,"date":"2024-09-09T23:09:52","date_gmt":"2024-09-09T23:09:52","guid":{"rendered":"https:\/\/tusa.viewsite.link\/product\/cuchilla-swipe-orca-espejada\/"},"modified":"2024-09-09T23:09:52","modified_gmt":"2024-09-09T23:09:52","slug":"cuchilla-swipe-orca-espejada","status":"publish","type":"product","link":"https:\/\/tusa.viewsite.link\/es\/producto\/cuchilla-swipe-orca-espejada\/","title":{"rendered":"Cuchilla SWIPE ORCA (Espejada)"},"content":{"rendered":"<p>V230ASAMC SWIPE La gafa Blade ORCA con espejo proporciona una resistencia reducida gracias a sus lentes de forma \u00fanica, lo que da a los nadadores competitivos una ventaja sobre sus rivales y tambi\u00e9n un buen ajuste definitivo con almohadillas acolchadas. La forma curvada de las gafas Blade proporciona un flujo de agua mejorado, minimizando la resistencia en comparaci\u00f3n con las gafas Blade convencionales. La nueva tecnolog\u00eda antivaho SWIPE proporciona efectos antivaho 10 veces m\u00e1s duraderos.  <\/p>\n<p>&nbsp;<\/p>\n<p><strong>Dimensiones:<\/strong><\/p>\n<p>8x3x3 en<br \/>\n 4 oz<\/p>\n","protected":false},"excerpt":{"rendered":"<p>Las gafas de espejo ORCA V230ASAMC SWIPE Blade ofrecen una resistencia reducida gracias a sus lentes de forma \u00fanica, lo que proporciona a los nadadores de competici\u00f3n una ventaja sobre sus rivales, adem\u00e1s de un buen ajuste definitivo con almohadillas acolchadas.<\/p>\n","protected":false},"featured_media":19231,"comment_status":"closed","ping_status":"closed","template":"","meta":{"_acf_changed":false},"product_cat":[433,438],"product_tag":[],"class_list":{"0":"post-19217","1":"product","2":"type-product","3":"status-publish","4":"has-post-thumbnail","6":"product_cat-todas-las-gafas","7":"product_cat-swipe-es","9":"first","10":"instock","11":"purchasable","12":"product-type-variable"},"acf":[],"_links":{"self":[{"href":"https:\/\/tusa.viewsite.link\/es\/wp-json\/wp\/v2\/product\/19217","targetHints":{"allow":["GET"]}}],"collection":[{"href":"https:\/\/tusa.viewsite.link\/es\/wp-json\/wp\/v2\/product"}],"about":[{"href":"https:\/\/tusa.viewsite.link\/es\/wp-json\/wp\/v2\/types\/product"}],"replies":[{"embeddable":true,"href":"https:\/\/tusa.viewsite.link\/es\/wp-json\/wp\/v2\/comments?post=19217"}],"wp:featuredmedia":[{"embeddable":true,"href":"https:\/\/tusa.viewsite.link\/es\/wp-json\/wp\/v2\/media\/19231"}],"wp:attachment":[{"href":"https:\/\/tusa.viewsite.link\/es\/wp-json\/wp\/v2\/media?parent=19217"}],"wp:term":[{"taxonomy":"product_cat","embeddable":true,"href":"https:\/\/tusa.viewsite.link\/es\/wp-json\/wp\/v2\/product_cat?post=19217"},{"taxonomy":"product_tag","embeddable":true,"href":"https:\/\/tusa.viewsite.link\/es\/wp-json\/wp\/v2\/product_tag?post=19217"}],"curies":[{"name":"wp","href":"https:\/\/api.w.org\/{rel}","templated":true}]}}