{"id":19207,"date":"2024-09-09T23:09:52","date_gmt":"2024-09-09T23:09:52","guid":{"rendered":"https:\/\/tusa.viewsite.link\/product\/pargo-jr\/"},"modified":"2024-09-09T23:09:52","modified_gmt":"2024-09-09T23:09:52","slug":"pargo-jr","status":"publish","type":"product","link":"https:\/\/tusa.viewsite.link\/es\/producto\/pargo-jr\/","title":{"rendered":"Pargo Jr."},"content":{"rendered":"<p>El V-730JA incorpora sellos oculares y correa de silicona de larga duraci\u00f3n que crean un ajuste c\u00f3modo para cualquier ni\u00f1o. El Snapper Jr tambi\u00e9n est\u00e1 equipado con un puente nasal flexible y un ajuste de hebilla de 1 toque, lo que hace que el ajuste sea pan comido dentro o fuera del agua. <\/p>\n<p>&nbsp;<\/p>\n<p><strong>Dimensiones:<\/strong><\/p>\n<p>7 x 2,5 x 2 pulg.<\/p>\n","protected":false},"excerpt":{"rendered":"<p>El V-730JA incorpora juntas oculares y correa de silicona de larga duraci\u00f3n que crean un ajuste c\u00f3modo para cualquier ni\u00f1o.<\/p>\n","protected":false},"featured_media":19222,"comment_status":"closed","ping_status":"closed","template":"","meta":{"_acf_changed":false},"product_cat":[433,439],"product_tag":[],"class_list":{"0":"post-19207","1":"product","2":"type-product","3":"status-publish","4":"has-post-thumbnail","6":"product_cat-todas-las-gafas","7":"product_cat-juventud","9":"first","10":"instock","11":"purchasable","12":"product-type-variable"},"acf":[],"_links":{"self":[{"href":"https:\/\/tusa.viewsite.link\/es\/wp-json\/wp\/v2\/product\/19207","targetHints":{"allow":["GET"]}}],"collection":[{"href":"https:\/\/tusa.viewsite.link\/es\/wp-json\/wp\/v2\/product"}],"about":[{"href":"https:\/\/tusa.viewsite.link\/es\/wp-json\/wp\/v2\/types\/product"}],"replies":[{"embeddable":true,"href":"https:\/\/tusa.viewsite.link\/es\/wp-json\/wp\/v2\/comments?post=19207"}],"wp:featuredmedia":[{"embeddable":true,"href":"https:\/\/tusa.viewsite.link\/es\/wp-json\/wp\/v2\/media\/19222"}],"wp:attachment":[{"href":"https:\/\/tusa.viewsite.link\/es\/wp-json\/wp\/v2\/media?parent=19207"}],"wp:term":[{"taxonomy":"product_cat","embeddable":true,"href":"https:\/\/tusa.viewsite.link\/es\/wp-json\/wp\/v2\/product_cat?post=19207"},{"taxonomy":"product_tag","embeddable":true,"href":"https:\/\/tusa.viewsite.link\/es\/wp-json\/wp\/v2\/product_tag?post=19207"}],"curies":[{"name":"wp","href":"https:\/\/api.w.org\/{rel}","templated":true}]}}