{"id":19192,"date":"2024-09-09T23:09:36","date_gmt":"2024-09-09T23:09:36","guid":{"rendered":"https:\/\/tusa.viewsite.link\/product\/splendive-set-de-viaje-seco-adulto\/"},"modified":"2024-09-09T23:09:36","modified_gmt":"2024-09-09T23:09:36","slug":"splendive-set-de-viaje-seco-adulto","status":"publish","type":"product","link":"https:\/\/tusa.viewsite.link\/es\/producto\/splendive-set-de-viaje-seco-adulto\/","title":{"rendered":"Splendive Set de Viaje Seco Adulto"},"content":{"rendered":"<p>El conjunto de viaje seco Splendive incluye una m\u00e1scara de 2 ventanas con visi\u00f3n mejorada, tecnolog\u00eda de hebilla de ajuste EZ, lente de cristal templado ClearVu y fald\u00f3n y correa de silicona pura. El esn\u00f3rquel seco cuenta con la tecnolog\u00eda TUSA Hyperdry Elite dry top (pat) que impide la entrada de agua en el esn\u00f3rquel, una c\u00e1mara de drenaje y v\u00e1lvula de purga para facilitar la limpieza y boquilla de silicona. Las aletas tienen un avanzado dise\u00f1o de pala larga multiflex, tecnolog\u00eda de canal de empuje para una propulsi\u00f3n superior y el calzante est\u00e1 fabricado con un compuesto suave y duradero dise\u00f1ado para mayor comodidad. El dise\u00f1o de tal\u00f3n abierto permite un ajuste r\u00e1pido y f\u00e1cil de la talla y la correa de silicona del tal\u00f3n aumenta la comodidad y la durabilidad. Esta aleta est\u00e1 dise\u00f1ada para proporcionar mucha potencia para su tama\u00f1o compacto. Las aletas son ligeras e ideales para viajar. Viene de serie con bolsa de viaje. Garant\u00eda de 3 a\u00f1os l\u00edder en la industria de TUSA.       <\/p>\n<p>&nbsp;<\/p>\n<p><strong>Dimensiones:<\/strong><\/p>\n<p>40,64 x 22,86 x 10,16 cm<\/p>\n","protected":false},"excerpt":{"rendered":"<p>El set de viaje seco Splendive incluye una m\u00e1scara de 2 ventanas con visi\u00f3n mejorada, tecnolog\u00eda de hebilla de ajuste EZ, lente de cristal templado ClearVu y fald\u00f3n y correa de silicona pura.<\/p>\n","protected":false},"featured_media":19199,"comment_status":"closed","ping_status":"closed","template":"","meta":{"_acf_changed":false},"product_cat":[435],"product_tag":[],"class_list":{"0":"post-19192","1":"product","2":"type-product","3":"status-publish","4":"has-post-thumbnail","6":"product_cat-sets-de-viaje-para-adultos","8":"first","9":"instock","10":"purchasable","11":"product-type-variable"},"acf":[],"_links":{"self":[{"href":"https:\/\/tusa.viewsite.link\/es\/wp-json\/wp\/v2\/product\/19192","targetHints":{"allow":["GET"]}}],"collection":[{"href":"https:\/\/tusa.viewsite.link\/es\/wp-json\/wp\/v2\/product"}],"about":[{"href":"https:\/\/tusa.viewsite.link\/es\/wp-json\/wp\/v2\/types\/product"}],"replies":[{"embeddable":true,"href":"https:\/\/tusa.viewsite.link\/es\/wp-json\/wp\/v2\/comments?post=19192"}],"wp:featuredmedia":[{"embeddable":true,"href":"https:\/\/tusa.viewsite.link\/es\/wp-json\/wp\/v2\/media\/19199"}],"wp:attachment":[{"href":"https:\/\/tusa.viewsite.link\/es\/wp-json\/wp\/v2\/media?parent=19192"}],"wp:term":[{"taxonomy":"product_cat","embeddable":true,"href":"https:\/\/tusa.viewsite.link\/es\/wp-json\/wp\/v2\/product_cat?post=19192"},{"taxonomy":"product_tag","embeddable":true,"href":"https:\/\/tusa.viewsite.link\/es\/wp-json\/wp\/v2\/product_tag?post=19192"}],"curies":[{"name":"wp","href":"https:\/\/api.w.org\/{rel}","templated":true}]}}