{"id":19178,"date":"2024-09-09T23:09:52","date_gmt":"2024-09-09T23:09:52","guid":{"rendered":"https:\/\/tusa.viewsite.link\/product\/solace\/"},"modified":"2024-09-09T23:09:52","modified_gmt":"2024-09-09T23:09:52","slug":"solace","status":"publish","type":"product","link":"https:\/\/tusa.viewsite.link\/es\/producto\/solace\/","title":{"rendered":"Solace"},"content":{"rendered":"<p>La Solace es una mezcla ideal de comodidad y rendimiento para el nadador recreativo. Los grandes y suaves sellos oculares permiten que la gafa se asiente c\u00f3modamente en la cuenca ocular, y la correa E-Z garantiza un ajuste adecuado. La V-825 tambi\u00e9n est\u00e1 equipada con un sistema de hebilla de ajuste r\u00e1pido de nuevo dise\u00f1o y 3 piezas nasales intercambiables, que hacen que el ajuste sea facil\u00edsimo.  <\/p>\n<p>&nbsp;<\/p>\n<p><strong>Dimensiones:<\/strong><\/p>\n<p>8x3x3 en<br \/>\n 4 oz<\/p>\n","protected":false},"excerpt":{"rendered":"<p>La Solace es una mezcla ideal de comodidad y rendimiento para el nadador recreativo. Los grandes y suaves sellos oculares permiten que la gafa se asiente c\u00f3modamente en la cuenca ocular y la correa E-Z garantiza un ajuste adecuado. <\/p>\n","protected":false},"featured_media":19189,"comment_status":"closed","ping_status":"closed","template":"","meta":{"_acf_changed":false},"product_cat":[433,434],"product_tag":[],"class_list":{"0":"post-19178","1":"product","2":"type-product","3":"status-publish","4":"has-post-thumbnail","6":"product_cat-todas-las-gafas","7":"product_cat-recreativo","9":"first","10":"instock","11":"purchasable","12":"product-type-variable"},"acf":[],"_links":{"self":[{"href":"https:\/\/tusa.viewsite.link\/es\/wp-json\/wp\/v2\/product\/19178","targetHints":{"allow":["GET"]}}],"collection":[{"href":"https:\/\/tusa.viewsite.link\/es\/wp-json\/wp\/v2\/product"}],"about":[{"href":"https:\/\/tusa.viewsite.link\/es\/wp-json\/wp\/v2\/types\/product"}],"replies":[{"embeddable":true,"href":"https:\/\/tusa.viewsite.link\/es\/wp-json\/wp\/v2\/comments?post=19178"}],"wp:featuredmedia":[{"embeddable":true,"href":"https:\/\/tusa.viewsite.link\/es\/wp-json\/wp\/v2\/media\/19189"}],"wp:attachment":[{"href":"https:\/\/tusa.viewsite.link\/es\/wp-json\/wp\/v2\/media?parent=19178"}],"wp:term":[{"taxonomy":"product_cat","embeddable":true,"href":"https:\/\/tusa.viewsite.link\/es\/wp-json\/wp\/v2\/product_cat?post=19178"},{"taxonomy":"product_tag","embeddable":true,"href":"https:\/\/tusa.viewsite.link\/es\/wp-json\/wp\/v2\/product_tag?post=19178"}],"curies":[{"name":"wp","href":"https:\/\/api.w.org\/{rel}","templated":true}]}}