{"id":19177,"date":"2024-09-09T23:09:36","date_gmt":"2024-09-09T23:09:36","guid":{"rendered":"https:\/\/tusa.viewsite.link\/product\/conjunto-de-viaje-para-adultos-visio-tri-ex\/"},"modified":"2024-09-09T23:09:36","modified_gmt":"2024-09-09T23:09:36","slug":"conjunto-de-viaje-para-adultos-visio-tri-ex","status":"publish","type":"product","link":"https:\/\/tusa.viewsite.link\/es\/producto\/conjunto-de-viaje-para-adultos-visio-tri-ex\/","title":{"rendered":"Conjunto de viaje para adultos Visio Tri-Ex"},"content":{"rendered":"<p>El set de viaje VISIO TRI-EX para adultos incluye la m\u00e1scara UM-31 Visio Tri-Ex, el tubo de snorkel USP-250 y las aletas UF-21.  <br \/>[break]<br \/>La m\u00e1scara UM-31 Visio Tri-ex es un revolucionario dise\u00f1o de 3 ventanas que ofrece una visi\u00f3n panor\u00e1mica ultraamplia de 168\u00b0. Este \u00e1ngulo de visi\u00f3n asombrosamente amplio se consigue mediante la incorporaci\u00f3n de ventanas laterales abovedadas y la reducci\u00f3n significativa de la estructura del marco alrededor de las lentes, lo que aumenta el campo de visi\u00f3n de forma espectacular con respecto a las mascarillas tradicionales. La m\u00e1scara UM-31 se adapta suavemente al contorno de tu cara. Fabricada con silicona pura, esta m\u00e1scara se ha creado para los buceadores que desean una lente frontal ancha combinada con un dise\u00f1o de bajo volumen. El esn\u00f3rquel seco USP-250 incorpora la tecnolog\u00eda TUSA Hyperdry Elite dry top (pat p) que impide que entre agua en el esn\u00f3rquel, una c\u00e1mara de drenaje y una v\u00e1lvula de purga para facilitar la limpieza, y eslab\u00f3n giratorio y boquilla de silicona pura. Las aletas UF-21 tienen un avanzado dise\u00f1o de pala larga multiflex, tecnolog\u00eda de canal de empuje para una propulsi\u00f3n superior y el calzante est\u00e1 fabricado con un compuesto suave y duradero dise\u00f1ado para ofrecer comodidad. El dise\u00f1o de tal\u00f3n abierto permite un ajuste r\u00e1pido y f\u00e1cil de la talla y la correa de silicona del tal\u00f3n aumenta la comodidad y la durabilidad. Esta aleta est\u00e1 dise\u00f1ada para proporcionar mucha potencia para su tama\u00f1o compacto. Las aletas son ligeras e ideales para viajar. Viene de serie con una bolsa de viaje. <br \/>&nbsp;<strong>Dimensiones:<\/strong> 18,3 x 9,4 x 4,3 pulg.         <\/p>\n","protected":false},"excerpt":{"rendered":"<p>El set de viaje VISIO TRI-EX para adultos incluye la m\u00e1scara UM-31 Visio Tri-Ex, el tubo de snorkel USP-250 y las aletas UF-21.<\/p>\n","protected":false},"featured_media":19182,"comment_status":"closed","ping_status":"closed","template":"","meta":{"_acf_changed":false},"product_cat":[435],"product_tag":[],"class_list":{"0":"post-19177","1":"product","2":"type-product","3":"status-publish","4":"has-post-thumbnail","6":"product_cat-sets-de-viaje-para-adultos","8":"first","9":"instock","10":"purchasable","11":"product-type-variable"},"acf":[],"_links":{"self":[{"href":"https:\/\/tusa.viewsite.link\/es\/wp-json\/wp\/v2\/product\/19177","targetHints":{"allow":["GET"]}}],"collection":[{"href":"https:\/\/tusa.viewsite.link\/es\/wp-json\/wp\/v2\/product"}],"about":[{"href":"https:\/\/tusa.viewsite.link\/es\/wp-json\/wp\/v2\/types\/product"}],"replies":[{"embeddable":true,"href":"https:\/\/tusa.viewsite.link\/es\/wp-json\/wp\/v2\/comments?post=19177"}],"wp:featuredmedia":[{"embeddable":true,"href":"https:\/\/tusa.viewsite.link\/es\/wp-json\/wp\/v2\/media\/19182"}],"wp:attachment":[{"href":"https:\/\/tusa.viewsite.link\/es\/wp-json\/wp\/v2\/media?parent=19177"}],"wp:term":[{"taxonomy":"product_cat","embeddable":true,"href":"https:\/\/tusa.viewsite.link\/es\/wp-json\/wp\/v2\/product_cat?post=19177"},{"taxonomy":"product_tag","embeddable":true,"href":"https:\/\/tusa.viewsite.link\/es\/wp-json\/wp\/v2\/product_tag?post=19177"}],"curies":[{"name":"wp","href":"https:\/\/api.w.org\/{rel}","templated":true}]}}