{"id":19167,"date":"2024-09-09T23:09:36","date_gmt":"2024-09-09T23:09:36","guid":{"rendered":"https:\/\/tusa.viewsite.link\/product\/set-de-viaje-para-adultos-platina-hyperdry\/"},"modified":"2024-09-09T23:09:36","modified_gmt":"2024-09-09T23:09:36","slug":"set-de-viaje-para-adultos-platina-hyperdry","status":"publish","type":"product","link":"https:\/\/tusa.viewsite.link\/es\/producto\/set-de-viaje-para-adultos-platina-hyperdry\/","title":{"rendered":"Set de viaje para adultos Platina Hyperdry"},"content":{"rendered":"<p>El Set de Viaje Platina Hyperdry para Adulto incluye una M\u00e1scara UM-20, un Tubo respirador USP-160 y unas Aletas UF0103. La m\u00e1scara UM-20 est\u00e1 dise\u00f1ada para ofrecer el m\u00e1ximo campo de visi\u00f3n, y cuenta con una montura de policarbonato de alta calidad, tecnolog\u00eda de hebilla de ajuste EZ y lente de cristal templado ClearVu. El tubo USP-140 incorpora la tecnolog\u00eda Hyperdry de TUSA, que reduce la posibilidad de que entre agua en el tubo. El esn\u00f3rquel tambi\u00e9n incluye una c\u00e1mara de drenaje y una v\u00e1lvula de purga para facilitar la limpieza, y una boquilla de silicona. Las Aletas UF0103 est\u00e1n dise\u00f1adas exclusivamente para viajar, con un dise\u00f1o de pala corta, un c\u00f3modo calzante blando de tal\u00f3n abierto y una correa ajustable de silicona. El tal\u00f3n abierto est\u00e1 dise\u00f1ado para facilitar la entrada y proporcionar un ajuste seguro. Esta robusta aleta est\u00e1 dise\u00f1ada para proporcionar mucha potencia para su peque\u00f1o tama\u00f1o. El conjunto viene de serie con una bolsa de viaje.       <\/p>\n<p>&nbsp;<\/p>\n<p><strong>Dimensiones:<\/strong><\/p>\n<p>17,56 x 12,76 x 5,79 pulg.<\/p>\n","protected":false},"excerpt":{"rendered":"<p>El Set de viaje Platina Hyperdry para adultos incluye una m\u00e1scara UM-20, un tubo USP-160 y unas aletas UF0103.<\/p>\n","protected":false},"featured_media":19170,"comment_status":"closed","ping_status":"closed","template":"","meta":{"_acf_changed":false},"product_cat":[435],"product_tag":[],"class_list":{"0":"post-19167","1":"product","2":"type-product","3":"status-publish","4":"has-post-thumbnail","6":"product_cat-sets-de-viaje-para-adultos","8":"first","9":"instock","10":"purchasable","11":"product-type-variable"},"acf":[],"_links":{"self":[{"href":"https:\/\/tusa.viewsite.link\/es\/wp-json\/wp\/v2\/product\/19167","targetHints":{"allow":["GET"]}}],"collection":[{"href":"https:\/\/tusa.viewsite.link\/es\/wp-json\/wp\/v2\/product"}],"about":[{"href":"https:\/\/tusa.viewsite.link\/es\/wp-json\/wp\/v2\/types\/product"}],"replies":[{"embeddable":true,"href":"https:\/\/tusa.viewsite.link\/es\/wp-json\/wp\/v2\/comments?post=19167"}],"wp:featuredmedia":[{"embeddable":true,"href":"https:\/\/tusa.viewsite.link\/es\/wp-json\/wp\/v2\/media\/19170"}],"wp:attachment":[{"href":"https:\/\/tusa.viewsite.link\/es\/wp-json\/wp\/v2\/media?parent=19167"}],"wp:term":[{"taxonomy":"product_cat","embeddable":true,"href":"https:\/\/tusa.viewsite.link\/es\/wp-json\/wp\/v2\/product_cat?post=19167"},{"taxonomy":"product_tag","embeddable":true,"href":"https:\/\/tusa.viewsite.link\/es\/wp-json\/wp\/v2\/product_tag?post=19167"}],"curies":[{"name":"wp","href":"https:\/\/api.w.org\/{rel}","templated":true}]}}