{"id":19154,"date":"2024-09-09T23:09:36","date_gmt":"2024-09-09T23:09:36","guid":{"rendered":"https:\/\/tusa.viewsite.link\/product\/mini-kleio-hyperdry-set-de-viaje-para-jovenes\/"},"modified":"2024-09-09T23:09:36","modified_gmt":"2024-09-09T23:09:36","slug":"mini-kleio-hyperdry-set-de-viaje-para-jovenes","status":"publish","type":"product","link":"https:\/\/tusa.viewsite.link\/es\/producto\/mini-kleio-hyperdry-set-de-viaje-para-jovenes\/","title":{"rendered":"Mini-Kleio Hyperdry Set de viaje para j\u00f3venes"},"content":{"rendered":"<p>El Set de Viaje Juvenil Mini-Kleio Hyperdry incluye una M\u00e1scara UM-2000, un Tubo respirador USP-140 y una Aleta UF0103. La M\u00e1scara UM-2000 est\u00e1 dise\u00f1ada para ofrecer el m\u00e1ximo campo de visi\u00f3n. La m\u00e1scara tiene una montura de policarbonato de alta calidad, tecnolog\u00eda de hebilla de ajuste EZ y lente de cristal templado ClearVu. El esn\u00f3rquel USP-140 incorpora la tecnolog\u00eda Hyperdry de TUSA, que reduce la posibilidad de que entre agua en el esn\u00f3rquel. El esn\u00f3rquel tambi\u00e9n incluye una c\u00e1mara de drenaje y una v\u00e1lvula de purga para facilitar la limpieza, y una boquilla de silicona. Las Aletas UF0103 est\u00e1n dise\u00f1adas exclusivamente para viajes con un dise\u00f1o de pala corta, un c\u00f3modo y suave bolsillo para el pie con tal\u00f3n abierto y una correa ajustable de silicona. El tal\u00f3n abierto est\u00e1 dise\u00f1ado para facilitar la entrada y proporcionar un ajuste seguro. Esta robusta aleta est\u00e1 dise\u00f1ada para proporcionar mucha potencia para su peque\u00f1o tama\u00f1o. El juego viene de serie con una bolsa de viaje. Se adapta a j\u00f3venes de 6 a 12 a\u00f1os.         <\/p>\n<p>&nbsp;<\/p>\n<p><strong>Dimensiones:<\/strong><\/p>\n<p>16 x 9 x 4 pulg.<\/p>\n","protected":false},"excerpt":{"rendered":"<p>El Set de viaje juvenil Mini-Kleio Hyperdry incluye una m\u00e1scara UM-2000, un tubo USP-140 y una aleta UF0103.<\/p>\n","protected":false},"featured_media":19162,"comment_status":"closed","ping_status":"closed","template":"","meta":{"_acf_changed":false},"product_cat":[437],"product_tag":[],"class_list":{"0":"post-19154","1":"product","2":"type-product","3":"status-publish","4":"has-post-thumbnail","6":"product_cat-juegos-de-viaje-para-jovenes","8":"first","9":"instock","10":"purchasable","11":"product-type-variable"},"acf":[],"_links":{"self":[{"href":"https:\/\/tusa.viewsite.link\/es\/wp-json\/wp\/v2\/product\/19154","targetHints":{"allow":["GET"]}}],"collection":[{"href":"https:\/\/tusa.viewsite.link\/es\/wp-json\/wp\/v2\/product"}],"about":[{"href":"https:\/\/tusa.viewsite.link\/es\/wp-json\/wp\/v2\/types\/product"}],"replies":[{"embeddable":true,"href":"https:\/\/tusa.viewsite.link\/es\/wp-json\/wp\/v2\/comments?post=19154"}],"wp:featuredmedia":[{"embeddable":true,"href":"https:\/\/tusa.viewsite.link\/es\/wp-json\/wp\/v2\/media\/19162"}],"wp:attachment":[{"href":"https:\/\/tusa.viewsite.link\/es\/wp-json\/wp\/v2\/media?parent=19154"}],"wp:term":[{"taxonomy":"product_cat","embeddable":true,"href":"https:\/\/tusa.viewsite.link\/es\/wp-json\/wp\/v2\/product_cat?post=19154"},{"taxonomy":"product_tag","embeddable":true,"href":"https:\/\/tusa.viewsite.link\/es\/wp-json\/wp\/v2\/product_tag?post=19154"}],"curies":[{"name":"wp","href":"https:\/\/api.w.org\/{rel}","templated":true}]}}