{"id":19141,"date":"2024-09-09T23:09:36","date_gmt":"2024-09-09T23:09:36","guid":{"rendered":"https:\/\/tusa.viewsite.link\/product\/set-de-viaje-sereno-para-adulto-blanco\/"},"modified":"2024-09-09T23:09:36","modified_gmt":"2024-09-09T23:09:36","slug":"set-de-viaje-sereno-para-adulto-blanco","status":"publish","type":"product","link":"https:\/\/tusa.viewsite.link\/es\/producto\/set-de-viaje-sereno-para-adulto-blanco\/","title":{"rendered":"Set de Viaje Sereno para Adulto &#8211; Blanco"},"content":{"rendered":"<p>El set de viaje para adultos SERENE UC-1521QB incluye una m\u00e1scara Serene UM-16 y un tubo USP-250. La m\u00e1scara UM-16 Serene se adapta suavemente al contorno de tu cara. Fabricada con silicona pura, la Serene ha sido elaborada para buceadores que desean un amplio campo de visi\u00f3n combinado con un dise\u00f1o de bajo volumen. El esn\u00f3rquel seco USP-250 cuenta con la tecnolog\u00eda TUSA Hyperdry Elite dry top (pat) que impide que entre agua en el esn\u00f3rquel, una c\u00e1mara de drenaje y v\u00e1lvula de purga para facilitar la limpieza, y boquilla de silicona cristalina.  Las aletas UF-21 tienen un avanzado dise\u00f1o de pala larga multiflex, tecnolog\u00eda de canal de empuje para una propulsi\u00f3n superior y la cavidad para los pies est\u00e1 fabricada con un compuesto suave y duradero dise\u00f1ado para mayor comodidad. El dise\u00f1o de tal\u00f3n abierto permite un ajuste r\u00e1pido y f\u00e1cil de la talla y la correa de silicona del tal\u00f3n aumenta la comodidad y la durabilidad. Esta aleta est\u00e1 dise\u00f1ada para proporcionar mucha potencia para su tama\u00f1o compacto. Las aletas son ligeras e ideales para viajar.  <\/p>\n<p>&nbsp;<\/p>\n<p><strong>Dimensiones:<\/strong><\/p>\n<p>18,7&#215;9,1&#215;3,9 pulg.<br \/>\n Peso del producto: 2,16<\/p>\n","protected":false},"excerpt":{"rendered":"<p>El set de viaje para adultos SERENE UC-1625QB incluye una m\u00e1scara Serene UM-16 y un tubo USP-250. La m\u00e1scara UM-16 Serene se adapta suavemente al contorno de tu cara. Fabricada con silicona pura, la Serene ha sido elaborada para buceadores que desean un amplio campo de visi\u00f3n combinado con un dise\u00f1o de bajo volumen.  <\/p>\n","protected":false},"featured_media":19150,"comment_status":"closed","ping_status":"closed","template":"","meta":{"_acf_changed":false},"product_cat":[435],"product_tag":[],"class_list":{"0":"post-19141","1":"product","2":"type-product","3":"status-publish","4":"has-post-thumbnail","6":"product_cat-sets-de-viaje-para-adultos","8":"first","9":"instock","10":"purchasable","11":"product-type-variable"},"acf":[],"_links":{"self":[{"href":"https:\/\/tusa.viewsite.link\/es\/wp-json\/wp\/v2\/product\/19141","targetHints":{"allow":["GET"]}}],"collection":[{"href":"https:\/\/tusa.viewsite.link\/es\/wp-json\/wp\/v2\/product"}],"about":[{"href":"https:\/\/tusa.viewsite.link\/es\/wp-json\/wp\/v2\/types\/product"}],"replies":[{"embeddable":true,"href":"https:\/\/tusa.viewsite.link\/es\/wp-json\/wp\/v2\/comments?post=19141"}],"wp:featuredmedia":[{"embeddable":true,"href":"https:\/\/tusa.viewsite.link\/es\/wp-json\/wp\/v2\/media\/19150"}],"wp:attachment":[{"href":"https:\/\/tusa.viewsite.link\/es\/wp-json\/wp\/v2\/media?parent=19141"}],"wp:term":[{"taxonomy":"product_cat","embeddable":true,"href":"https:\/\/tusa.viewsite.link\/es\/wp-json\/wp\/v2\/product_cat?post=19141"},{"taxonomy":"product_tag","embeddable":true,"href":"https:\/\/tusa.viewsite.link\/es\/wp-json\/wp\/v2\/product_tag?post=19141"}],"curies":[{"name":"wp","href":"https:\/\/api.w.org\/{rel}","templated":true}]}}