{"id":19101,"date":"2024-09-09T23:09:36","date_gmt":"2024-09-09T23:09:36","guid":{"rendered":"https:\/\/tusa.viewsite.link\/product\/cuchilla-orca\/"},"modified":"2024-09-09T23:09:36","modified_gmt":"2024-09-09T23:09:36","slug":"cuchilla-orca","status":"publish","type":"product","link":"https:\/\/tusa.viewsite.link\/es\/producto\/cuchilla-orca\/","title":{"rendered":"Cuchilla ORCA"},"content":{"rendered":"<p>La m\u00e1scara V-230A Blade ORCA reduce la resistencia y el arrastre gracias a sus lentes de forma \u00fanica, lo que proporciona a los nadadores de competici\u00f3n una ventaja sobre sus rivales. La forma curvada de las gafas Blade mejora el flujo del agua, minimizando la resistencia respecto a las gafas Blade convencionales. Las gafas Blade ORCA vienen con cuatro (4) piezas nasales intercambiables. La correa de cabeza dividida y ajustable permite un ajuste r\u00e1pido y sencillo. El tratamiento Super Antivaho proporciona una visi\u00f3n ultra clara.    <\/p>\n<p>&nbsp;<\/p>\n<p><strong>Dimensiones:<\/strong><\/p>\n<p>7,8 x 2,48 x 1,72 pulg.<\/p>\n","protected":false},"excerpt":{"rendered":"<p>La m\u00e1scara ORCA V-230A Blade reduce la resistencia y el arrastre gracias a sus lentes de forma \u00fanica, lo que proporciona a los nadadores de competici\u00f3n una ventaja sobre sus rivales.<\/p>\n","protected":false},"featured_media":19112,"comment_status":"closed","ping_status":"closed","template":"","meta":{"_acf_changed":false},"product_cat":[433,432],"product_tag":[],"class_list":{"0":"post-19101","1":"product","2":"type-product","3":"status-publish","4":"has-post-thumbnail","6":"product_cat-todas-las-gafas","7":"product_cat-carreras","9":"first","10":"instock","11":"purchasable","12":"product-type-variable"},"acf":[],"_links":{"self":[{"href":"https:\/\/tusa.viewsite.link\/es\/wp-json\/wp\/v2\/product\/19101","targetHints":{"allow":["GET"]}}],"collection":[{"href":"https:\/\/tusa.viewsite.link\/es\/wp-json\/wp\/v2\/product"}],"about":[{"href":"https:\/\/tusa.viewsite.link\/es\/wp-json\/wp\/v2\/types\/product"}],"replies":[{"embeddable":true,"href":"https:\/\/tusa.viewsite.link\/es\/wp-json\/wp\/v2\/comments?post=19101"}],"wp:featuredmedia":[{"embeddable":true,"href":"https:\/\/tusa.viewsite.link\/es\/wp-json\/wp\/v2\/media\/19112"}],"wp:attachment":[{"href":"https:\/\/tusa.viewsite.link\/es\/wp-json\/wp\/v2\/media?parent=19101"}],"wp:term":[{"taxonomy":"product_cat","embeddable":true,"href":"https:\/\/tusa.viewsite.link\/es\/wp-json\/wp\/v2\/product_cat?post=19101"},{"taxonomy":"product_tag","embeddable":true,"href":"https:\/\/tusa.viewsite.link\/es\/wp-json\/wp\/v2\/product_tag?post=19101"}],"curies":[{"name":"wp","href":"https:\/\/api.w.org\/{rel}","templated":true}]}}