{"id":19100,"date":"2024-09-09T23:09:36","date_gmt":"2024-09-09T23:09:36","guid":{"rendered":"https:\/\/tusa.viewsite.link\/product\/mascara-visio-tri-ex-adulto\/"},"modified":"2024-09-09T23:09:36","modified_gmt":"2024-09-09T23:09:36","slug":"mascara-visio-tri-ex-adulto","status":"publish","type":"product","link":"https:\/\/tusa.viewsite.link\/es\/producto\/mascara-visio-tri-ex-adulto\/","title":{"rendered":"M\u00e1scara Visio Tri-Ex Adulto"},"content":{"rendered":"<p>La m\u00e1scara UM31QB Visio Tri-Ex es un revolucionario dise\u00f1o de 3 ventanas que ofrece una visi\u00f3n panor\u00e1mica ultraamplia de 168\u00b0. Este \u00e1ngulo de visi\u00f3n asombrosamente amplio se consigue mediante la incorporaci\u00f3n de ventanas laterales abovedadas y la reducci\u00f3n significativa de la estructura del marco alrededor de las lentes, lo que aumenta espectacularmente el campo de visi\u00f3n con respecto a las mascarillas tradicionales. La m\u00e1scara UM31QB se adapta suavemente al contorno de tu cara. Fabricada con silicona pura, esta m\u00e1scara se ha creado para buceadores que desean una lente frontal ancha combinada con un dise\u00f1o de bajo volumen.   <\/p>\n<p>&nbsp;<\/p>\n<p><strong>Dimensiones:<\/strong><\/p>\n<p>19,2 x 9,5 x 3,7 pulg.<\/p>\n","protected":false},"excerpt":{"rendered":"<p>La m\u00e1scara UM31QB Visio Tri-Ex es un revolucionario dise\u00f1o de 3 ventanas que ofrece una visi\u00f3n panor\u00e1mica ultraamplia de 168\u00b0.<\/p>\n","protected":false},"featured_media":19107,"comment_status":"closed","ping_status":"closed","template":"","meta":{"_acf_changed":false},"product_cat":[428],"product_tag":[],"class_list":{"0":"post-19100","1":"product","2":"type-product","3":"status-publish","4":"has-post-thumbnail","6":"product_cat-mascaras-es","8":"first","9":"instock","10":"purchasable","11":"product-type-variable"},"acf":[],"_links":{"self":[{"href":"https:\/\/tusa.viewsite.link\/es\/wp-json\/wp\/v2\/product\/19100","targetHints":{"allow":["GET"]}}],"collection":[{"href":"https:\/\/tusa.viewsite.link\/es\/wp-json\/wp\/v2\/product"}],"about":[{"href":"https:\/\/tusa.viewsite.link\/es\/wp-json\/wp\/v2\/types\/product"}],"replies":[{"embeddable":true,"href":"https:\/\/tusa.viewsite.link\/es\/wp-json\/wp\/v2\/comments?post=19100"}],"wp:featuredmedia":[{"embeddable":true,"href":"https:\/\/tusa.viewsite.link\/es\/wp-json\/wp\/v2\/media\/19107"}],"wp:attachment":[{"href":"https:\/\/tusa.viewsite.link\/es\/wp-json\/wp\/v2\/media?parent=19100"}],"wp:term":[{"taxonomy":"product_cat","embeddable":true,"href":"https:\/\/tusa.viewsite.link\/es\/wp-json\/wp\/v2\/product_cat?post=19100"},{"taxonomy":"product_tag","embeddable":true,"href":"https:\/\/tusa.viewsite.link\/es\/wp-json\/wp\/v2\/product_tag?post=19100"}],"curies":[{"name":"wp","href":"https:\/\/api.w.org\/{rel}","templated":true}]}}