{"id":19062,"date":"2024-09-09T23:09:36","date_gmt":"2024-09-09T23:09:36","guid":{"rendered":"https:\/\/tusa.viewsite.link\/product\/pirana\/"},"modified":"2024-09-09T23:09:36","modified_gmt":"2024-09-09T23:09:36","slug":"pirana","status":"publish","type":"product","link":"https:\/\/tusa.viewsite.link\/es\/producto\/pirana\/","title":{"rendered":"Pira\u00f1a"},"content":{"rendered":"<p>Las gafas V-220 forman parte de nuestra l\u00ednea de gafas de competici\u00f3n para masters. Est\u00e1n dise\u00f1adas pensando en la comodidad del nadador. Las gafas tienen una visi\u00f3n amplia y un ajuste suave para aumentar la comodidad. Tienen protecci\u00f3n UV y tratamiento superantiva antivaho para maximizar la visibilidad. Tambi\u00e9n incorporan una correa ajustable.    <\/p>\n<p>&nbsp;<\/p>\n<p><strong>Dimensiones:<\/strong><\/p>\n<p>8 x 3 x 2 pulg.<\/p>\n","protected":false},"excerpt":{"rendered":"<p>Las gafas V-220 forman parte de nuestra l\u00ednea de gafas de competici\u00f3n para masters. Est\u00e1n dise\u00f1adas pensando en la comodidad del nadador. <\/p>\n","protected":false},"featured_media":19076,"comment_status":"closed","ping_status":"closed","template":"","meta":{"_acf_changed":false},"product_cat":[433,432],"product_tag":[],"class_list":{"0":"post-19062","1":"product","2":"type-product","3":"status-publish","4":"has-post-thumbnail","6":"product_cat-todas-las-gafas","7":"product_cat-carreras","9":"first","10":"instock","11":"purchasable","12":"product-type-variable"},"acf":[],"_links":{"self":[{"href":"https:\/\/tusa.viewsite.link\/es\/wp-json\/wp\/v2\/product\/19062","targetHints":{"allow":["GET"]}}],"collection":[{"href":"https:\/\/tusa.viewsite.link\/es\/wp-json\/wp\/v2\/product"}],"about":[{"href":"https:\/\/tusa.viewsite.link\/es\/wp-json\/wp\/v2\/types\/product"}],"replies":[{"embeddable":true,"href":"https:\/\/tusa.viewsite.link\/es\/wp-json\/wp\/v2\/comments?post=19062"}],"wp:featuredmedia":[{"embeddable":true,"href":"https:\/\/tusa.viewsite.link\/es\/wp-json\/wp\/v2\/media\/19076"}],"wp:attachment":[{"href":"https:\/\/tusa.viewsite.link\/es\/wp-json\/wp\/v2\/media?parent=19062"}],"wp:term":[{"taxonomy":"product_cat","embeddable":true,"href":"https:\/\/tusa.viewsite.link\/es\/wp-json\/wp\/v2\/product_cat?post=19062"},{"taxonomy":"product_tag","embeddable":true,"href":"https:\/\/tusa.viewsite.link\/es\/wp-json\/wp\/v2\/product_tag?post=19062"}],"curies":[{"name":"wp","href":"https:\/\/api.w.org\/{rel}","templated":true}]}}