{"id":19061,"date":"2024-09-09T23:09:36","date_gmt":"2024-09-09T23:09:36","guid":{"rendered":"https:\/\/tusa.viewsite.link\/product\/francotirador-ii\/"},"modified":"2024-09-09T23:09:36","modified_gmt":"2024-09-09T23:09:36","slug":"francotirador-ii","status":"publish","type":"product","link":"https:\/\/tusa.viewsite.link\/es\/producto\/francotirador-ii\/","title":{"rendered":"Francotirador II"},"content":{"rendered":"<p>La gafa de competici\u00f3n ideal cuando cada fracci\u00f3n de segundo cuenta, la Sniper II ofrece funciones refinadas y un dise\u00f1o superior. Cambia tu ajuste r\u00e1pida y f\u00e1cilmente con las piezas nasales intercambiables de las gafas VIEW.   <\/p>\n<p>Las peque\u00f1as pero c\u00f3modas juntas oculares permiten que la gafa se asiente justo en la cuenca ocular, disminuyendo la resistencia al agua y el arrastre. La gafa Sniper II viene con 3 puentes nasales ajustables para un mejor ajuste que evitan la deformaci\u00f3n de la lente, facilitando la colocaci\u00f3n de la gafa. Esto proporciona el ajuste ideal para cualquier cara. La correa de cabeza dividida, sencilla pero de gran calidad, permite un ajuste r\u00e1pido y f\u00e1cil. &nbsp;<strong>Dimensiones:<\/strong> 6,9 x 2,7 x 2 pulg.   <\/p>\n","protected":false},"excerpt":{"rendered":"<p>Las gafas de competici\u00f3n ideales cuando cada fracci\u00f3n de segundo cuenta, las Sniper II ofrecen funciones refinadas y un dise\u00f1o superior.<\/p>\n","protected":false},"featured_media":19071,"comment_status":"closed","ping_status":"closed","template":"","meta":{"_acf_changed":false},"product_cat":[433,432],"product_tag":[],"class_list":{"0":"post-19061","1":"product","2":"type-product","3":"status-publish","4":"has-post-thumbnail","6":"product_cat-todas-las-gafas","7":"product_cat-carreras","9":"first","10":"instock","11":"purchasable","12":"product-type-variable"},"acf":[],"_links":{"self":[{"href":"https:\/\/tusa.viewsite.link\/es\/wp-json\/wp\/v2\/product\/19061","targetHints":{"allow":["GET"]}}],"collection":[{"href":"https:\/\/tusa.viewsite.link\/es\/wp-json\/wp\/v2\/product"}],"about":[{"href":"https:\/\/tusa.viewsite.link\/es\/wp-json\/wp\/v2\/types\/product"}],"replies":[{"embeddable":true,"href":"https:\/\/tusa.viewsite.link\/es\/wp-json\/wp\/v2\/comments?post=19061"}],"wp:featuredmedia":[{"embeddable":true,"href":"https:\/\/tusa.viewsite.link\/es\/wp-json\/wp\/v2\/media\/19071"}],"wp:attachment":[{"href":"https:\/\/tusa.viewsite.link\/es\/wp-json\/wp\/v2\/media?parent=19061"}],"wp:term":[{"taxonomy":"product_cat","embeddable":true,"href":"https:\/\/tusa.viewsite.link\/es\/wp-json\/wp\/v2\/product_cat?post=19061"},{"taxonomy":"product_tag","embeddable":true,"href":"https:\/\/tusa.viewsite.link\/es\/wp-json\/wp\/v2\/product_tag?post=19061"}],"curies":[{"name":"wp","href":"https:\/\/api.w.org\/{rel}","templated":true}]}}