{"id":19046,"date":"2024-09-09T23:09:36","date_gmt":"2024-09-09T23:09:36","guid":{"rendered":"https:\/\/tusa.viewsite.link\/product\/shinari-espejo\/"},"modified":"2024-09-09T23:09:36","modified_gmt":"2024-09-09T23:09:36","slug":"shinari-espejo","status":"publish","type":"product","link":"https:\/\/tusa.viewsite.link\/es\/producto\/shinari-espejo\/","title":{"rendered":"Shinari (Espejo)"},"content":{"rendered":"<p>Perfectas para el entrenamiento al aire libre o las carreras, las gafas V-130M Mirrored Shinari son una construcci\u00f3n de perfil bajo de una sola pieza que une la lente y el ocular, evitando as\u00ed las fugas. La V-130 tambi\u00e9n satisface tanto la resistencia reducida como el ajuste ideal. La resistencia se reduce dr\u00e1sticamente a la vez que se mantiene el ajuste ideal mediante el empleo de la nueva estructura de almohadilla que entierra el espacio entre la almohadilla facial y la lente cuando se llevan puestas las gafas. Las piezas de uni\u00f3n de la Shinari que conectan la lente y la hebilla est\u00e1n fabricadas con materiales suaves para que las gafas se adapten perfectamente a la forma de tu cara y se reduzcan los casos de torsi\u00f3n y\/o aleteo de la correa.   <\/p>\n<p>&nbsp;<\/p>\n<p><strong>Dimensiones:<\/strong><\/p>\n<p>6,5 x 2,2 x 1,4 pulg.<\/p>\n","protected":false},"excerpt":{"rendered":"<p>Perfectas para el entrenamiento al aire libre o las carreras, las gafas V-130M Mirrored Shinari son una construcci\u00f3n de perfil bajo de una sola pieza que une la lente y el ocular, evitando as\u00ed las fugas.<\/p>\n","protected":false},"featured_media":19058,"comment_status":"closed","ping_status":"closed","template":"","meta":{"_acf_changed":false},"product_cat":[433,432],"product_tag":[],"class_list":{"0":"post-19046","1":"product","2":"type-product","3":"status-publish","4":"has-post-thumbnail","6":"product_cat-todas-las-gafas","7":"product_cat-carreras","9":"first","10":"instock","11":"purchasable","12":"product-type-variable"},"acf":[],"_links":{"self":[{"href":"https:\/\/tusa.viewsite.link\/es\/wp-json\/wp\/v2\/product\/19046","targetHints":{"allow":["GET"]}}],"collection":[{"href":"https:\/\/tusa.viewsite.link\/es\/wp-json\/wp\/v2\/product"}],"about":[{"href":"https:\/\/tusa.viewsite.link\/es\/wp-json\/wp\/v2\/types\/product"}],"replies":[{"embeddable":true,"href":"https:\/\/tusa.viewsite.link\/es\/wp-json\/wp\/v2\/comments?post=19046"}],"wp:featuredmedia":[{"embeddable":true,"href":"https:\/\/tusa.viewsite.link\/es\/wp-json\/wp\/v2\/media\/19058"}],"wp:attachment":[{"href":"https:\/\/tusa.viewsite.link\/es\/wp-json\/wp\/v2\/media?parent=19046"}],"wp:term":[{"taxonomy":"product_cat","embeddable":true,"href":"https:\/\/tusa.viewsite.link\/es\/wp-json\/wp\/v2\/product_cat?post=19046"},{"taxonomy":"product_tag","embeddable":true,"href":"https:\/\/tusa.viewsite.link\/es\/wp-json\/wp\/v2\/product_tag?post=19046"}],"curies":[{"name":"wp","href":"https:\/\/api.w.org\/{rel}","templated":true}]}}