{"id":19045,"date":"2024-09-09T23:09:36","date_gmt":"2024-09-09T23:09:36","guid":{"rendered":"https:\/\/tusa.viewsite.link\/product\/x-treme\/"},"modified":"2024-09-09T23:09:36","modified_gmt":"2024-09-09T23:09:36","slug":"x-treme","status":"publish","type":"product","link":"https:\/\/tusa.viewsite.link\/es\/producto\/x-treme\/","title":{"rendered":"X-Treme"},"content":{"rendered":"<p>La m\u00e1scara V-1000 es un dise\u00f1o hidrodin\u00e1mico de perfil bajo que proporciona la m\u00e1xima comodidad y una visibilidad superior al nadar o practicar deportes acu\u00e1ticos en cualquier entorno. La estructura reducida del armaz\u00f3n de la V-1000 y el revolucionario Sistema de Hebilla R\u00e1pida (pat pen.) reducen significativamente la resistencia respecto a productos similares. El fald\u00f3n de silicona de bordes redondeados de alta calidad del V-1000 ofrece un sellado herm\u00e9tico y comodidad durante los entrenamientos. La V-1000 protege contra la luz UVA\/UVB y ofrece 180 grados de visibilidad sin obst\u00e1culos.   <\/p>\n<p>&nbsp;<\/p>\n<p><strong>Dimensiones:<\/strong><\/p>\n<p>3,5 x 2,7 x 1 pulg.<\/p>\n","protected":false},"excerpt":{"rendered":"<p>La m\u00e1scara V-1000 es un dise\u00f1o hidrodin\u00e1mico de perfil bajo que proporciona la m\u00e1xima comodidad y una visibilidad superior al nadar o practicar deportes acu\u00e1ticos en cualquier entorno.<\/p>\n","protected":false},"featured_media":19052,"comment_status":"closed","ping_status":"closed","template":"","meta":{"_acf_changed":false},"product_cat":[433,434],"product_tag":[],"class_list":{"0":"post-19045","1":"product","2":"type-product","3":"status-publish","4":"has-post-thumbnail","6":"product_cat-todas-las-gafas","7":"product_cat-recreativo","9":"first","10":"instock","11":"purchasable","12":"product-type-variable"},"acf":[],"_links":{"self":[{"href":"https:\/\/tusa.viewsite.link\/es\/wp-json\/wp\/v2\/product\/19045","targetHints":{"allow":["GET"]}}],"collection":[{"href":"https:\/\/tusa.viewsite.link\/es\/wp-json\/wp\/v2\/product"}],"about":[{"href":"https:\/\/tusa.viewsite.link\/es\/wp-json\/wp\/v2\/types\/product"}],"replies":[{"embeddable":true,"href":"https:\/\/tusa.viewsite.link\/es\/wp-json\/wp\/v2\/comments?post=19045"}],"wp:featuredmedia":[{"embeddable":true,"href":"https:\/\/tusa.viewsite.link\/es\/wp-json\/wp\/v2\/media\/19052"}],"wp:attachment":[{"href":"https:\/\/tusa.viewsite.link\/es\/wp-json\/wp\/v2\/media?parent=19045"}],"wp:term":[{"taxonomy":"product_cat","embeddable":true,"href":"https:\/\/tusa.viewsite.link\/es\/wp-json\/wp\/v2\/product_cat?post=19045"},{"taxonomy":"product_tag","embeddable":true,"href":"https:\/\/tusa.viewsite.link\/es\/wp-json\/wp\/v2\/product_tag?post=19045"}],"curies":[{"name":"wp","href":"https:\/\/api.w.org\/{rel}","templated":true}]}}