{"id":18985,"date":"2024-09-09T23:09:23","date_gmt":"2024-09-09T23:09:23","guid":{"rendered":"https:\/\/tusa.viewsite.link\/product\/visio-tri-ex-combo-adulto\/"},"modified":"2024-09-09T23:09:23","modified_gmt":"2024-09-09T23:09:23","slug":"visio-tri-ex-combo-adulto","status":"publish","type":"product","link":"https:\/\/tusa.viewsite.link\/es\/producto\/visio-tri-ex-combo-adulto\/","title":{"rendered":"Visio Tri-Ex Combo Adulto"},"content":{"rendered":"<p>El combo VISIO TRI-EX para adultos incluye la m\u00e1scara UM-31 Visio Tri-Ex y el tubo respirador USP-250. La m\u00e1scara UM-31 Visio Tri-Ex es un revolucionario dise\u00f1o de 3 ventanas que ofrece una visi\u00f3n panor\u00e1mica ultraamplia de 168\u00b0. Este \u00e1ngulo de visi\u00f3n asombrosamente amplio se consigue mediante la incorporaci\u00f3n de ventanas laterales abovedadas y la reducci\u00f3n significativa de la estructura de la montura alrededor de las lentes, lo que aumenta el campo de visi\u00f3n de forma espectacular con respecto a las m\u00e1scaras tradicionales. La m\u00e1scara UM-31 se adapta suavemente al contorno de tu cara. Fabricada con silicona pura, esta m\u00e1scara est\u00e1 pensada para los buceadores que desean una lente frontal ancha combinada con un dise\u00f1o de bajo volumen. El esn\u00f3rquel seco USP-250 incorpora la tecnolog\u00eda TUSA Hyperdry Elite dry top (pat p) que impide que entre agua en el esn\u00f3rquel, una c\u00e1mara de drenaje y una v\u00e1lvula de purga para facilitar la limpieza, y boquilla de silicona. El UC-3125QB combina bien con nuestras aletas UF-21.      <\/p>\n<p>&nbsp;<\/p>\n<p><strong>Dimensiones:<\/strong><\/p>\n<p>18 x 14 x 8 pulg.<\/p>\n","protected":false},"excerpt":{"rendered":"<p>El combo VISIO TRI-EX para adultos incluye la m\u00e1scara UM-31 Visio Tri-Ex y el tubo respirador USP-250.<\/p>\n","protected":false},"featured_media":18994,"comment_status":"closed","ping_status":"closed","template":"","meta":{"_acf_changed":false},"product_cat":[429],"product_tag":[],"class_list":{"0":"post-18985","1":"product","2":"type-product","3":"status-publish","4":"has-post-thumbnail","6":"product_cat-combos-para-adultos","8":"first","9":"instock","10":"purchasable","11":"product-type-variable"},"acf":[],"_links":{"self":[{"href":"https:\/\/tusa.viewsite.link\/es\/wp-json\/wp\/v2\/product\/18985","targetHints":{"allow":["GET"]}}],"collection":[{"href":"https:\/\/tusa.viewsite.link\/es\/wp-json\/wp\/v2\/product"}],"about":[{"href":"https:\/\/tusa.viewsite.link\/es\/wp-json\/wp\/v2\/types\/product"}],"replies":[{"embeddable":true,"href":"https:\/\/tusa.viewsite.link\/es\/wp-json\/wp\/v2\/comments?post=18985"}],"wp:featuredmedia":[{"embeddable":true,"href":"https:\/\/tusa.viewsite.link\/es\/wp-json\/wp\/v2\/media\/18994"}],"wp:attachment":[{"href":"https:\/\/tusa.viewsite.link\/es\/wp-json\/wp\/v2\/media?parent=18985"}],"wp:term":[{"taxonomy":"product_cat","embeddable":true,"href":"https:\/\/tusa.viewsite.link\/es\/wp-json\/wp\/v2\/product_cat?post=18985"},{"taxonomy":"product_tag","embeddable":true,"href":"https:\/\/tusa.viewsite.link\/es\/wp-json\/wp\/v2\/product_tag?post=18985"}],"curies":[{"name":"wp","href":"https:\/\/api.w.org\/{rel}","templated":true}]}}