{"id":18962,"date":"2024-09-09T23:09:23","date_gmt":"2024-09-09T23:09:23","guid":{"rendered":"https:\/\/tusa.viewsite.link\/product\/combo-adulto-sereno\/"},"modified":"2024-09-09T23:09:23","modified_gmt":"2024-09-09T23:09:23","slug":"combo-adulto-sereno","status":"publish","type":"product","link":"https:\/\/tusa.viewsite.link\/es\/producto\/combo-adulto-sereno\/","title":{"rendered":"Combo Adulto Sereno"},"content":{"rendered":"<p>El combo para adultos SERENE UC-1625QB incluye una m\u00e1scara Serene UM-16 y un tubo USP-250. La m\u00e1scara UM-16 Serene se adapta suavemente al contorno de tu cara. Fabricada con silicona pura, la Serene ha sido elaborada para buceadores que desean un amplio campo de visi\u00f3n combinado con un dise\u00f1o de bajo volumen. El esn\u00f3rquel seco USP-250 incorpora la tecnolog\u00eda Hyperdry Elite dry top (pat) de TUSA, que impide la entrada de agua en el esn\u00f3rquel, una c\u00e1mara de drenaje y una v\u00e1lvula de purga para facilitar la limpieza, y boquilla de silicona cristalina. El UC-1625QB combina bien con nuestras aletas UF-21.    <\/p>\n<p>&nbsp;<\/p>\n<p><strong>Dimensiones:<\/strong><\/p>\n<p>19 x 7 x 3 pulg.<\/p>\n","protected":false},"excerpt":{"rendered":"<p>El combo para adultos SERENE UC-1625QB incluye una m\u00e1scara Serene UM-16 y un tubo USP-250.<\/p>\n","protected":false},"featured_media":18972,"comment_status":"closed","ping_status":"closed","template":"","meta":{"_acf_changed":false},"product_cat":[429],"product_tag":[],"class_list":{"0":"post-18962","1":"product","2":"type-product","3":"status-publish","4":"has-post-thumbnail","6":"product_cat-combos-para-adultos","8":"first","9":"instock","10":"purchasable","11":"product-type-variable"},"acf":[],"_links":{"self":[{"href":"https:\/\/tusa.viewsite.link\/es\/wp-json\/wp\/v2\/product\/18962","targetHints":{"allow":["GET"]}}],"collection":[{"href":"https:\/\/tusa.viewsite.link\/es\/wp-json\/wp\/v2\/product"}],"about":[{"href":"https:\/\/tusa.viewsite.link\/es\/wp-json\/wp\/v2\/types\/product"}],"replies":[{"embeddable":true,"href":"https:\/\/tusa.viewsite.link\/es\/wp-json\/wp\/v2\/comments?post=18962"}],"wp:featuredmedia":[{"embeddable":true,"href":"https:\/\/tusa.viewsite.link\/es\/wp-json\/wp\/v2\/media\/18972"}],"wp:attachment":[{"href":"https:\/\/tusa.viewsite.link\/es\/wp-json\/wp\/v2\/media?parent=18962"}],"wp:term":[{"taxonomy":"product_cat","embeddable":true,"href":"https:\/\/tusa.viewsite.link\/es\/wp-json\/wp\/v2\/product_cat?post=18962"},{"taxonomy":"product_tag","embeddable":true,"href":"https:\/\/tusa.viewsite.link\/es\/wp-json\/wp\/v2\/product_tag?post=18962"}],"curies":[{"name":"wp","href":"https:\/\/api.w.org\/{rel}","templated":true}]}}