{"id":18927,"date":"2024-09-09T23:09:23","date_gmt":"2024-09-09T23:09:23","guid":{"rendered":"https:\/\/tusa.viewsite.link\/product\/mascara-de-apnea-para-adultos\/"},"modified":"2024-09-09T23:09:23","modified_gmt":"2024-09-09T23:09:23","slug":"mascara-de-apnea-para-adultos","status":"publish","type":"product","link":"https:\/\/tusa.viewsite.link\/es\/producto\/mascara-de-apnea-para-adultos\/","title":{"rendered":"M\u00e1scara de apnea para adultos"},"content":{"rendered":"<p>La m\u00e1scara de snorkel y apnea UM29 es una m\u00e1scara de volumen ultrabajo que ofrece una c\u00e1mara de aire m\u00ednima. Las ligeras lentes de policarbonato han sido tratadas con un proceso antivaho para evitar que se empa\u00f1en. El suave fald\u00f3n de silicona incorpora el sistema de hebilla trasera de ajuste r\u00e1pido de TUSA.  <\/p>\n<p>&nbsp;<\/p>\n<p><strong>Dimensiones:<\/strong><\/p>\n<p>7,44 x 4,49 x 4,09 pulg.<\/p>\n","protected":false},"excerpt":{"rendered":"<p>La m\u00e1scara de snorkel y apnea UM29 es una m\u00e1scara de volumen ultrabajo que ofrece una c\u00e1mara de aire m\u00ednima.<\/p>\n","protected":false},"featured_media":18930,"comment_status":"closed","ping_status":"closed","template":"","meta":{"_acf_changed":false},"product_cat":[428],"product_tag":[],"class_list":{"0":"post-18927","1":"product","2":"type-product","3":"status-publish","4":"has-post-thumbnail","6":"product_cat-mascaras-es","8":"first","9":"instock","10":"purchasable","11":"product-type-variable"},"acf":[],"_links":{"self":[{"href":"https:\/\/tusa.viewsite.link\/es\/wp-json\/wp\/v2\/product\/18927","targetHints":{"allow":["GET"]}}],"collection":[{"href":"https:\/\/tusa.viewsite.link\/es\/wp-json\/wp\/v2\/product"}],"about":[{"href":"https:\/\/tusa.viewsite.link\/es\/wp-json\/wp\/v2\/types\/product"}],"replies":[{"embeddable":true,"href":"https:\/\/tusa.viewsite.link\/es\/wp-json\/wp\/v2\/comments?post=18927"}],"wp:featuredmedia":[{"embeddable":true,"href":"https:\/\/tusa.viewsite.link\/es\/wp-json\/wp\/v2\/media\/18930"}],"wp:attachment":[{"href":"https:\/\/tusa.viewsite.link\/es\/wp-json\/wp\/v2\/media?parent=18927"}],"wp:term":[{"taxonomy":"product_cat","embeddable":true,"href":"https:\/\/tusa.viewsite.link\/es\/wp-json\/wp\/v2\/product_cat?post=18927"},{"taxonomy":"product_tag","embeddable":true,"href":"https:\/\/tusa.viewsite.link\/es\/wp-json\/wp\/v2\/product_tag?post=18927"}],"curies":[{"name":"wp","href":"https:\/\/api.w.org\/{rel}","templated":true}]}}