{"id":18855,"date":"2024-09-09T23:09:23","date_gmt":"2024-09-09T23:09:23","guid":{"rendered":"https:\/\/tusa.viewsite.link\/product\/combo-splendive-adulto\/"},"modified":"2024-09-09T23:09:23","modified_gmt":"2024-09-09T23:09:23","slug":"combo-splendive-adulto","status":"publish","type":"product","link":"https:\/\/tusa.viewsite.link\/es\/producto\/combo-splendive-adulto\/","title":{"rendered":"Combo Splendive Adulto"},"content":{"rendered":"<p>El combo de m\u00e1scara y tubo UC-7519 Splendive incluye una m\u00e1scara de 2 ventanas de bajo volumen con visi\u00f3n mejorada, tecnolog\u00eda de hebilla de ajuste EZ, lente de cristal templado ClearVu y fald\u00f3n y correa de silicona pura. El esn\u00f3rquel incorpora la tecnolog\u00eda Hyperdry de TUSA que reduce el flujo de agua hacia el interior del esn\u00f3rquel, una c\u00e1mara de drenaje y v\u00e1lvula de purga para facilitar la limpieza y boquilla de silicona pura. El UC-7519 combina bien con nuestras aletas UF-14Z o UF-21.  <\/p>\n<p>&nbsp;<\/p>\n<p><strong>Dimensiones:<\/strong><\/p>\n<p>15 x 7 x 5 pulg.<\/p>\n","protected":false},"excerpt":{"rendered":"<p>El combo de m\u00e1scara y tubo UC-7519 Splendive incluye una m\u00e1scara de 2 ventanas de bajo volumen con visi\u00f3n mejorada, y el tubo cuenta con la tecnolog\u00eda Hyperdry de TUSA.<\/p>\n","protected":false},"featured_media":18874,"comment_status":"closed","ping_status":"closed","template":"","meta":{"_acf_changed":false},"product_cat":[429],"product_tag":[],"class_list":{"0":"post-18855","1":"product","2":"type-product","3":"status-publish","4":"has-post-thumbnail","6":"product_cat-combos-para-adultos","8":"first","9":"instock","10":"purchasable","11":"product-type-variable"},"acf":[],"_links":{"self":[{"href":"https:\/\/tusa.viewsite.link\/es\/wp-json\/wp\/v2\/product\/18855","targetHints":{"allow":["GET"]}}],"collection":[{"href":"https:\/\/tusa.viewsite.link\/es\/wp-json\/wp\/v2\/product"}],"about":[{"href":"https:\/\/tusa.viewsite.link\/es\/wp-json\/wp\/v2\/types\/product"}],"replies":[{"embeddable":true,"href":"https:\/\/tusa.viewsite.link\/es\/wp-json\/wp\/v2\/comments?post=18855"}],"wp:featuredmedia":[{"embeddable":true,"href":"https:\/\/tusa.viewsite.link\/es\/wp-json\/wp\/v2\/media\/18874"}],"wp:attachment":[{"href":"https:\/\/tusa.viewsite.link\/es\/wp-json\/wp\/v2\/media?parent=18855"}],"wp:term":[{"taxonomy":"product_cat","embeddable":true,"href":"https:\/\/tusa.viewsite.link\/es\/wp-json\/wp\/v2\/product_cat?post=18855"},{"taxonomy":"product_tag","embeddable":true,"href":"https:\/\/tusa.viewsite.link\/es\/wp-json\/wp\/v2\/product_tag?post=18855"}],"curies":[{"name":"wp","href":"https:\/\/api.w.org\/{rel}","templated":true}]}}