{"id":18845,"date":"2024-09-09T23:09:23","date_gmt":"2024-09-09T23:09:23","guid":{"rendered":"https:\/\/tusa.viewsite.link\/product\/aleta-de-snorkel-compacta\/"},"modified":"2024-09-09T23:09:23","modified_gmt":"2024-09-09T23:09:23","slug":"aleta-de-snorkel-compacta","status":"publish","type":"product","link":"https:\/\/tusa.viewsite.link\/es\/producto\/aleta-de-snorkel-compacta\/","title":{"rendered":"Aleta de snorkel compacta"},"content":{"rendered":"<p>Las Aletas UF0103 est\u00e1n dise\u00f1adas exclusivamente para viajar, con un dise\u00f1o de pala corta, un c\u00f3modo calzante de tal\u00f3n abierto y una correa de silicona ajustable. La Aleta UF0103 presenta un dise\u00f1o de costillas mejorado y una pala multicompuesta para mayor potencia. El tal\u00f3n abierto est\u00e1 dise\u00f1ado para facilitar la entrada y proporcionar un ajuste seguro. Esta robusta aleta est\u00e1 dise\u00f1ada para proporcionar mucha potencia para su peque\u00f1o tama\u00f1o.   <\/p>\n<p>&nbsp;<\/p>\n<p><strong>Dimensiones:<\/strong><\/p>\n<p>12,2 x 7,7 x 2,9 pulg.<\/p>\n","protected":false},"excerpt":{"rendered":"<p>Las Aletas UF0103 est\u00e1n dise\u00f1adas exclusivamente para viajar, con un dise\u00f1o de pala corta, un c\u00f3modo y suave calzante de tal\u00f3n abierto y una correa de silicona ajustable.<\/p>\n","protected":false},"featured_media":18852,"comment_status":"closed","ping_status":"closed","template":"","meta":{"_acf_changed":false},"product_cat":[430],"product_tag":[],"class_list":{"0":"post-18845","1":"product","2":"type-product","3":"status-publish","4":"has-post-thumbnail","6":"product_cat-aletas-es","8":"first","9":"instock","10":"purchasable","11":"product-type-variable"},"acf":[],"_links":{"self":[{"href":"https:\/\/tusa.viewsite.link\/es\/wp-json\/wp\/v2\/product\/18845","targetHints":{"allow":["GET"]}}],"collection":[{"href":"https:\/\/tusa.viewsite.link\/es\/wp-json\/wp\/v2\/product"}],"about":[{"href":"https:\/\/tusa.viewsite.link\/es\/wp-json\/wp\/v2\/types\/product"}],"replies":[{"embeddable":true,"href":"https:\/\/tusa.viewsite.link\/es\/wp-json\/wp\/v2\/comments?post=18845"}],"wp:featuredmedia":[{"embeddable":true,"href":"https:\/\/tusa.viewsite.link\/es\/wp-json\/wp\/v2\/media\/18852"}],"wp:attachment":[{"href":"https:\/\/tusa.viewsite.link\/es\/wp-json\/wp\/v2\/media?parent=18845"}],"wp:term":[{"taxonomy":"product_cat","embeddable":true,"href":"https:\/\/tusa.viewsite.link\/es\/wp-json\/wp\/v2\/product_cat?post=18845"},{"taxonomy":"product_tag","embeddable":true,"href":"https:\/\/tusa.viewsite.link\/es\/wp-json\/wp\/v2\/product_tag?post=18845"}],"curies":[{"name":"wp","href":"https:\/\/api.w.org\/{rel}","templated":true}]}}