{"id":18827,"date":"2024-09-09T23:09:23","date_gmt":"2024-09-09T23:09:23","guid":{"rendered":"https:\/\/tusa.viewsite.link\/product\/aleta-de-buceo\/"},"modified":"2024-09-09T23:09:23","modified_gmt":"2024-09-09T23:09:23","slug":"aleta-de-buceo","status":"publish","type":"product","link":"https:\/\/tusa.viewsite.link\/es\/producto\/aleta-de-buceo\/","title":{"rendered":"Aleta de buceo"},"content":{"rendered":"<p>Las aletas UF-21 tienen un avanzado dise\u00f1o de pala larga multiflex, tecnolog\u00eda de canal de empuje para una propulsi\u00f3n superior y el calzante est\u00e1 fabricado con un compuesto suave y duradero dise\u00f1ado para ofrecer comodidad. El dise\u00f1o de tal\u00f3n abierto permite un ajuste r\u00e1pido y f\u00e1cil de la talla y la correa de silicona del tal\u00f3n aumenta la comodidad y la durabilidad. Esta aleta est\u00e1 dise\u00f1ada para proporcionar mucha potencia para su tama\u00f1o compacto. Las aletas son ligeras e ideales para viajar. Garant\u00eda de 3 a\u00f1os de TUSA, l\u00edder en la industria.    <\/p>\n<p>&nbsp;<\/p>\n<p><strong>Dimensiones:<\/strong><\/p>\n<p>13 x 8 x 3 pulg.<\/p>\n","protected":false},"excerpt":{"rendered":"<p>Las aletas UF-21 tienen un avanzado dise\u00f1o de pala larga multiflex, tecnolog\u00eda de canal de empuje para una propulsi\u00f3n superior y el calzante est\u00e1 fabricado con un compuesto suave y duradero dise\u00f1ado para ofrecer comodidad.<\/p>\n","protected":false},"featured_media":18835,"comment_status":"closed","ping_status":"closed","template":"","meta":{"_acf_changed":false},"product_cat":[430],"product_tag":[],"class_list":{"0":"post-18827","1":"product","2":"type-product","3":"status-publish","4":"has-post-thumbnail","6":"product_cat-aletas-es","8":"first","9":"instock","10":"purchasable","11":"product-type-variable"},"acf":[],"_links":{"self":[{"href":"https:\/\/tusa.viewsite.link\/es\/wp-json\/wp\/v2\/product\/18827","targetHints":{"allow":["GET"]}}],"collection":[{"href":"https:\/\/tusa.viewsite.link\/es\/wp-json\/wp\/v2\/product"}],"about":[{"href":"https:\/\/tusa.viewsite.link\/es\/wp-json\/wp\/v2\/types\/product"}],"replies":[{"embeddable":true,"href":"https:\/\/tusa.viewsite.link\/es\/wp-json\/wp\/v2\/comments?post=18827"}],"wp:featuredmedia":[{"embeddable":true,"href":"https:\/\/tusa.viewsite.link\/es\/wp-json\/wp\/v2\/media\/18835"}],"wp:attachment":[{"href":"https:\/\/tusa.viewsite.link\/es\/wp-json\/wp\/v2\/media?parent=18827"}],"wp:term":[{"taxonomy":"product_cat","embeddable":true,"href":"https:\/\/tusa.viewsite.link\/es\/wp-json\/wp\/v2\/product_cat?post=18827"},{"taxonomy":"product_tag","embeddable":true,"href":"https:\/\/tusa.viewsite.link\/es\/wp-json\/wp\/v2\/product_tag?post=18827"}],"curies":[{"name":"wp","href":"https:\/\/api.w.org\/{rel}","templated":true}]}}