{"id":18826,"date":"2024-09-09T23:09:11","date_gmt":"2024-09-09T23:09:11","guid":{"rendered":"https:\/\/tusa.viewsite.link\/product\/mascarilla-liberator-plus\/"},"modified":"2024-09-09T23:09:11","modified_gmt":"2024-09-09T23:09:11","slug":"mascarilla-liberator-plus","status":"publish","type":"product","link":"https:\/\/tusa.viewsite.link\/es\/producto\/mascarilla-liberator-plus\/","title":{"rendered":"Mascarilla Liberator Plus"},"content":{"rendered":"<p>La m\u00e1scara TM-5700 Liberator Plus suele ser la primera elecci\u00f3n de muchos buceadores, ya que ofrece comodidad y caracter\u00edsticas que se adaptan a la mayor\u00eda de rostros y estilos de buceo. La Liberator Plus combina el alto rendimiento con la alta moda. Las lentes est\u00e1n cuidadosamente elaboradas para proporcionar claridad \u00f3ptica y el fald\u00f3n de silicona asegura un ajuste c\u00f3modo y preciso. La TM-5700Q tambi\u00e9n te ofrece una amplia gama de colores de montura a la moda.&nbsp; Como todas las m\u00e1scaras TUSA, incorpora una amplia gama de caracter\u00edsticas para mejorar la comodidad y proporcionar claridad de visi\u00f3n.<br \/>&nbsp;<strong>Dimensiones:<\/strong> 7,5 x 4,1 x 3,8 pulg.   <\/p>\n","protected":false},"excerpt":{"rendered":"<p>La m\u00e1scara TM-5700 Liberator Plus suele ser la primera elecci\u00f3n de muchos buceadores, ya que ofrece comodidad y caracter\u00edsticas que se adaptan a la mayor\u00eda de rostros y estilos de buceo.<\/p>\n","protected":false},"featured_media":18840,"comment_status":"closed","ping_status":"closed","template":"","meta":{"_acf_changed":false},"product_cat":[428],"product_tag":[],"class_list":{"0":"post-18826","1":"product","2":"type-product","3":"status-publish","4":"has-post-thumbnail","6":"product_cat-mascaras-es","8":"first","9":"instock","10":"purchasable","11":"product-type-variable"},"acf":[],"_links":{"self":[{"href":"https:\/\/tusa.viewsite.link\/es\/wp-json\/wp\/v2\/product\/18826","targetHints":{"allow":["GET"]}}],"collection":[{"href":"https:\/\/tusa.viewsite.link\/es\/wp-json\/wp\/v2\/product"}],"about":[{"href":"https:\/\/tusa.viewsite.link\/es\/wp-json\/wp\/v2\/types\/product"}],"replies":[{"embeddable":true,"href":"https:\/\/tusa.viewsite.link\/es\/wp-json\/wp\/v2\/comments?post=18826"}],"wp:featuredmedia":[{"embeddable":true,"href":"https:\/\/tusa.viewsite.link\/es\/wp-json\/wp\/v2\/media\/18840"}],"wp:attachment":[{"href":"https:\/\/tusa.viewsite.link\/es\/wp-json\/wp\/v2\/media?parent=18826"}],"wp:term":[{"taxonomy":"product_cat","embeddable":true,"href":"https:\/\/tusa.viewsite.link\/es\/wp-json\/wp\/v2\/product_cat?post=18826"},{"taxonomy":"product_tag","embeddable":true,"href":"https:\/\/tusa.viewsite.link\/es\/wp-json\/wp\/v2\/product_tag?post=18826"}],"curies":[{"name":"wp","href":"https:\/\/api.w.org\/{rel}","templated":true}]}}