{"id":18804,"date":"2024-09-09T23:09:11","date_gmt":"2024-09-09T23:09:11","guid":{"rendered":"https:\/\/tusa.viewsite.link\/product\/tc-753-correa-de-montaje-a-p-a\/"},"modified":"2024-09-09T23:09:11","modified_gmt":"2024-09-09T23:09:11","slug":"tc-753-correa-de-montaje-a-p-a","status":"publish","type":"product","link":"https:\/\/tusa.viewsite.link\/es\/producto\/tc-753-correa-de-montaje-a-p-a\/","title":{"rendered":"TC-753 CORREA DE MONTAJE A.P.A."},"content":{"rendered":"<p>La correa de montaje TC-753 A.P.A. es un accesorio universal que permite colocar el Sistema de Ayuda a la Purga Activa por debajo del brazo izquierdo y en el bolsillo izquierdo del BCJ. Esta ubicaci\u00f3n de montaje opcional es aerodin\u00e1mica y permite un ajuste f\u00e1cil y r\u00e1pido de la flotabilidad justo por encima de la cadera. <\/p>\n<p>&nbsp;<\/p>\n<p><strong>Dimensiones:<\/strong><\/p>\n<p>17 x 14 x 11 pulg.<\/p>\n","protected":false},"excerpt":{"rendered":"<p>La correa de montaje TC-753 A.P.A. es un accesorio universal que permite colocar el Sistema de Asistencia de Purga Activa por debajo del brazo izquierdo y en el bolsillo izquierdo del BCJ.<\/p>\n","protected":false},"featured_media":18807,"comment_status":"closed","ping_status":"closed","template":"","meta":{"_acf_changed":false},"product_cat":[421],"product_tag":[],"class_list":{"0":"post-18804","1":"product","2":"type-product","3":"status-publish","4":"has-post-thumbnail","6":"product_cat-accesorios","8":"first","9":"instock","10":"purchasable","11":"product-type-simple"},"acf":[],"_links":{"self":[{"href":"https:\/\/tusa.viewsite.link\/es\/wp-json\/wp\/v2\/product\/18804","targetHints":{"allow":["GET"]}}],"collection":[{"href":"https:\/\/tusa.viewsite.link\/es\/wp-json\/wp\/v2\/product"}],"about":[{"href":"https:\/\/tusa.viewsite.link\/es\/wp-json\/wp\/v2\/types\/product"}],"replies":[{"embeddable":true,"href":"https:\/\/tusa.viewsite.link\/es\/wp-json\/wp\/v2\/comments?post=18804"}],"wp:featuredmedia":[{"embeddable":true,"href":"https:\/\/tusa.viewsite.link\/es\/wp-json\/wp\/v2\/media\/18807"}],"wp:attachment":[{"href":"https:\/\/tusa.viewsite.link\/es\/wp-json\/wp\/v2\/media?parent=18804"}],"wp:term":[{"taxonomy":"product_cat","embeddable":true,"href":"https:\/\/tusa.viewsite.link\/es\/wp-json\/wp\/v2\/product_cat?post=18804"},{"taxonomy":"product_tag","embeddable":true,"href":"https:\/\/tusa.viewsite.link\/es\/wp-json\/wp\/v2\/product_tag?post=18804"}],"curies":[{"name":"wp","href":"https:\/\/api.w.org\/{rel}","templated":true}]}}