{"id":18748,"date":"2024-09-09T23:09:11","date_gmt":"2024-09-09T23:09:11","guid":{"rendered":"https:\/\/tusa.viewsite.link\/product\/traje-de-neopreno-top-para-mujer-2mm\/"},"modified":"2024-09-09T23:09:11","modified_gmt":"2024-09-09T23:09:11","slug":"traje-de-neopreno-top-para-mujer-2mm","status":"publish","type":"product","link":"https:\/\/tusa.viewsite.link\/es\/producto\/traje-de-neopreno-top-para-mujer-2mm\/","title":{"rendered":"Traje de neopreno Top para mujer 2mm"},"content":{"rendered":"<p>La Camiseta de neopreno para mujer forma parte de nuestra l\u00ednea de prendas de alto rendimiento acu\u00e1tico. La composici\u00f3n del tejido incluye un 100% de poli\u00e9ster para el forro negro y un 100% de nailon para el forro de tejido estampado, con un grosor de 2,0 mm. La capa intermedia del tejido es de goma de cloropreno espumada.  <\/p>\n<p>&nbsp;<\/p>\n<p><strong>Dimensiones:<\/strong><\/p>\n<p>23,93 x 17,76 x 2,76<\/p>\n","protected":false},"excerpt":{"rendered":"<p>La composici\u00f3n del tejido de este top de neopreno incluye un 100% de poli\u00e9ster para el forro negro y un 100% de nailon para el forro de tejido estampado, con un grosor de 2,0 mm.<\/p>\n","protected":false},"featured_media":18757,"comment_status":"closed","ping_status":"closed","template":"","meta":{"_acf_changed":false},"product_cat":[426],"product_tag":[],"class_list":{"0":"post-18748","1":"product","2":"type-product","3":"status-publish","4":"has-post-thumbnail","6":"product_cat-accesorios-es","8":"first","9":"instock","10":"purchasable","11":"product-type-variable"},"acf":[],"_links":{"self":[{"href":"https:\/\/tusa.viewsite.link\/es\/wp-json\/wp\/v2\/product\/18748","targetHints":{"allow":["GET"]}}],"collection":[{"href":"https:\/\/tusa.viewsite.link\/es\/wp-json\/wp\/v2\/product"}],"about":[{"href":"https:\/\/tusa.viewsite.link\/es\/wp-json\/wp\/v2\/types\/product"}],"replies":[{"embeddable":true,"href":"https:\/\/tusa.viewsite.link\/es\/wp-json\/wp\/v2\/comments?post=18748"}],"wp:featuredmedia":[{"embeddable":true,"href":"https:\/\/tusa.viewsite.link\/es\/wp-json\/wp\/v2\/media\/18757"}],"wp:attachment":[{"href":"https:\/\/tusa.viewsite.link\/es\/wp-json\/wp\/v2\/media?parent=18748"}],"wp:term":[{"taxonomy":"product_cat","embeddable":true,"href":"https:\/\/tusa.viewsite.link\/es\/wp-json\/wp\/v2\/product_cat?post=18748"},{"taxonomy":"product_tag","embeddable":true,"href":"https:\/\/tusa.viewsite.link\/es\/wp-json\/wp\/v2\/product_tag?post=18748"}],"curies":[{"name":"wp","href":"https:\/\/api.w.org\/{rel}","templated":true}]}}