{"id":18722,"date":"2024-09-09T23:08:56","date_gmt":"2024-09-09T23:08:56","guid":{"rendered":"https:\/\/tusa.viewsite.link\/product\/chaleco-de-buceo-adulto\/"},"modified":"2024-09-09T23:08:56","modified_gmt":"2024-09-09T23:08:56","slug":"chaleco-de-buceo-adulto","status":"publish","type":"product","link":"https:\/\/tusa.viewsite.link\/es\/producto\/chaleco-de-buceo-adulto\/","title":{"rendered":"Chaleco de buceo (adulto)"},"content":{"rendered":"<p>Los chalecos de snorkel SV-4500 y SV-2500 proporcionan la flotabilidad, seguridad y comodidad suficientes para un largo d\u00eda de snorkel sin fatiga. El SV-4500 es de tama\u00f1o adulto y el SV-2500 es de tama\u00f1o juvenil. F\u00e1ciles de desinflar o inflar en el agua, o en tierra para enrollarlos y guardarlos de forma compacta durante los viajes.<br \/>&nbsp;<strong>Dimensiones:<\/strong> Tejido: Nylon (210 denier), recubierto de PU Dimensiones: 55,2 x 72,9 pulg. 140 x 185 cm Flotabilidad: 23,0 lbs \/ 10,4 kg  <\/p>\n","protected":false},"excerpt":{"rendered":"<p>El chaleco de snorkel SV-4500 proporciona la flotabilidad, seguridad y comodidad suficientes para un largo d\u00eda de snorkel sin fatiga.<\/p>\n","protected":false},"featured_media":18724,"comment_status":"closed","ping_status":"closed","template":"","meta":{"_acf_changed":false},"product_cat":[426],"product_tag":[],"class_list":{"0":"post-18722","1":"product","2":"type-product","3":"status-publish","4":"has-post-thumbnail","6":"product_cat-accesorios-es","8":"first","9":"instock","10":"purchasable","11":"product-type-simple"},"acf":[],"_links":{"self":[{"href":"https:\/\/tusa.viewsite.link\/es\/wp-json\/wp\/v2\/product\/18722","targetHints":{"allow":["GET"]}}],"collection":[{"href":"https:\/\/tusa.viewsite.link\/es\/wp-json\/wp\/v2\/product"}],"about":[{"href":"https:\/\/tusa.viewsite.link\/es\/wp-json\/wp\/v2\/types\/product"}],"replies":[{"embeddable":true,"href":"https:\/\/tusa.viewsite.link\/es\/wp-json\/wp\/v2\/comments?post=18722"}],"wp:featuredmedia":[{"embeddable":true,"href":"https:\/\/tusa.viewsite.link\/es\/wp-json\/wp\/v2\/media\/18724"}],"wp:attachment":[{"href":"https:\/\/tusa.viewsite.link\/es\/wp-json\/wp\/v2\/media?parent=18722"}],"wp:term":[{"taxonomy":"product_cat","embeddable":true,"href":"https:\/\/tusa.viewsite.link\/es\/wp-json\/wp\/v2\/product_cat?post=18722"},{"taxonomy":"product_tag","embeddable":true,"href":"https:\/\/tusa.viewsite.link\/es\/wp-json\/wp\/v2\/product_tag?post=18722"}],"curies":[{"name":"wp","href":"https:\/\/api.w.org\/{rel}","templated":true}]}}