{"id":18682,"date":"2024-09-09T23:08:56","date_gmt":"2024-09-09T23:08:56","guid":{"rendered":"https:\/\/tusa.viewsite.link\/product\/tubo-hyperdry-elite-ii\/"},"modified":"2024-09-09T23:08:56","modified_gmt":"2024-09-09T23:08:56","slug":"tubo-hyperdry-elite-ii","status":"publish","type":"product","link":"https:\/\/tusa.viewsite.link\/es\/producto\/tubo-hyperdry-elite-ii\/","title":{"rendered":"Tubo Hyperdry Elite II"},"content":{"rendered":"<p>Nuestro Hyperdry Elite II viene con un distintivo dise\u00f1o de purga de gran caudal, que incorpora una v\u00e1lvula de purga cubierta de gran di\u00e1metro para un vaciado r\u00e1pido y sin esfuerzo. Disminuye el agua retenida en la boquilla, haciendo que tus inmersiones sean m\u00e1s c\u00f3modas y agradables. Hemos equipado el tubo con una r\u00f3tula de confort para un ajuste m\u00e1s c\u00f3modo, alivi\u00e1ndote de la carga de la boquilla. El ingenioso adaptador giratorio permite deslizar f\u00e1cilmente la correa de la m\u00e1scara, proporcion\u00e1ndote un montaje sin complicaciones. Su construcci\u00f3n en dos partes facilita que el tubo gire y se fije en posici\u00f3n horizontal, respetando ante todo tu comodidad. <\/p>\n<p>&nbsp;<\/p>\n<p><strong>Dimensiones:<\/strong><\/p>\n<p>Volumen interno: 9,1 ci \/ 149 cc<br \/>\n Dimensi\u00f3n: 17,9 in x 3,5 in \/ 454 mm x 89 mm<br \/>\n Peso: 5,7 oz x 161 g<\/p>\n","protected":false},"excerpt":{"rendered":"<p>El esn\u00f3rquel SP0101 Hyperdry Elite II combina todas las mejores caracter\u00edsticas de los esn\u00f3rquels TUSA en uno. Con una parte superior seca de perfil bajo y una c\u00e1mara de purga en \u00e1ngulo, permanecer seco nunca ha sido tan f\u00e1cil. <\/p>\n","protected":false},"featured_media":18701,"comment_status":"closed","ping_status":"closed","template":"","meta":{"_acf_changed":false},"product_cat":[423],"product_tag":[],"class_list":{"0":"post-18682","1":"product","2":"type-product","3":"status-publish","4":"has-post-thumbnail","6":"product_cat-tubos-de-buceo","8":"first","9":"instock","10":"purchasable","11":"product-type-variable"},"acf":[],"_links":{"self":[{"href":"https:\/\/tusa.viewsite.link\/es\/wp-json\/wp\/v2\/product\/18682","targetHints":{"allow":["GET"]}}],"collection":[{"href":"https:\/\/tusa.viewsite.link\/es\/wp-json\/wp\/v2\/product"}],"about":[{"href":"https:\/\/tusa.viewsite.link\/es\/wp-json\/wp\/v2\/types\/product"}],"replies":[{"embeddable":true,"href":"https:\/\/tusa.viewsite.link\/es\/wp-json\/wp\/v2\/comments?post=18682"}],"wp:featuredmedia":[{"embeddable":true,"href":"https:\/\/tusa.viewsite.link\/es\/wp-json\/wp\/v2\/media\/18701"}],"wp:attachment":[{"href":"https:\/\/tusa.viewsite.link\/es\/wp-json\/wp\/v2\/media?parent=18682"}],"wp:term":[{"taxonomy":"product_cat","embeddable":true,"href":"https:\/\/tusa.viewsite.link\/es\/wp-json\/wp\/v2\/product_cat?post=18682"},{"taxonomy":"product_tag","embeddable":true,"href":"https:\/\/tusa.viewsite.link\/es\/wp-json\/wp\/v2\/product_tag?post=18682"}],"curies":[{"name":"wp","href":"https:\/\/api.w.org\/{rel}","templated":true}]}}