{"id":18622,"date":"2024-09-09T23:08:56","date_gmt":"2024-09-09T23:08:56","guid":{"rendered":"https:\/\/tusa.viewsite.link\/product\/freedom-film-mascaras-grandes-de-1-ventana\/"},"modified":"2024-09-09T23:08:56","modified_gmt":"2024-09-09T23:08:56","slug":"freedom-film-mascaras-grandes-de-1-ventana","status":"publish","type":"product","link":"https:\/\/tusa.viewsite.link\/es\/producto\/freedom-film-mascaras-grandes-de-1-ventana\/","title":{"rendered":"Freedom Film M\u00e1scaras grandes de 1 ventana"},"content":{"rendered":"<p>La pel\u00edcula antivaho mantendr\u00e1 tu m\u00e1scara favorita sin vaho mientras buceas bajo el agua. Fabricada con material duradero de larga duraci\u00f3n, la Pel\u00edcula Freedom puede instalarse f\u00e1cilmente en cualquier m\u00e1scara de ventana \u00fanica de mayor tama\u00f1o y es reutilizable con los cuidados adecuados. <\/p>\n<p>&nbsp;<\/p>\n<p><strong>Dimensiones:<\/strong><\/p>\n","protected":false},"excerpt":{"rendered":"<p>La pel\u00edcula antivaho mantendr\u00e1 tu m\u00e1scara de 1 ventana favorita sin vaho mientras buceas bajo el agua.<\/p>\n","protected":false},"featured_media":18624,"comment_status":"closed","ping_status":"closed","template":"","meta":{"_acf_changed":false},"product_cat":[421],"product_tag":[],"class_list":{"0":"post-18622","1":"product","2":"type-product","3":"status-publish","4":"has-post-thumbnail","6":"product_cat-accesorios","8":"first","9":"instock","10":"purchasable","11":"product-type-simple"},"acf":[],"_links":{"self":[{"href":"https:\/\/tusa.viewsite.link\/es\/wp-json\/wp\/v2\/product\/18622","targetHints":{"allow":["GET"]}}],"collection":[{"href":"https:\/\/tusa.viewsite.link\/es\/wp-json\/wp\/v2\/product"}],"about":[{"href":"https:\/\/tusa.viewsite.link\/es\/wp-json\/wp\/v2\/types\/product"}],"replies":[{"embeddable":true,"href":"https:\/\/tusa.viewsite.link\/es\/wp-json\/wp\/v2\/comments?post=18622"}],"wp:featuredmedia":[{"embeddable":true,"href":"https:\/\/tusa.viewsite.link\/es\/wp-json\/wp\/v2\/media\/18624"}],"wp:attachment":[{"href":"https:\/\/tusa.viewsite.link\/es\/wp-json\/wp\/v2\/media?parent=18622"}],"wp:term":[{"taxonomy":"product_cat","embeddable":true,"href":"https:\/\/tusa.viewsite.link\/es\/wp-json\/wp\/v2\/product_cat?post=18622"},{"taxonomy":"product_tag","embeddable":true,"href":"https:\/\/tusa.viewsite.link\/es\/wp-json\/wp\/v2\/product_tag?post=18622"}],"curies":[{"name":"wp","href":"https:\/\/api.w.org\/{rel}","templated":true}]}}