{"id":18611,"date":"2024-09-09T23:08:56","date_gmt":"2024-09-09T23:08:56","guid":{"rendered":"https:\/\/tusa.viewsite.link\/product\/ss0001-segundo-seguro\/"},"modified":"2024-09-09T23:08:56","modified_gmt":"2024-09-09T23:08:56","slug":"ss0001-segundo-seguro","status":"publish","type":"product","link":"https:\/\/tusa.viewsite.link\/es\/producto\/ss0001-segundo-seguro\/","title":{"rendered":"SS0001 Segundo seguro"},"content":{"rendered":"<p>El seguro-segundo SS0001 tiene un dise\u00f1o de carcasa de material compuesto ligero y compacto, y permite su configuraci\u00f3n tanto con la mano izquierda como con la derecha. El SS0001 incorpora una palanca de ajuste venturi para facilitar la respiraci\u00f3n y una boquilla ortop\u00e9dica. El SS0001 combina una v\u00e1lvula downstream cl\u00e1sica con un gran diafragma y el cl\u00e1sico bot\u00f3n de purga. Su construcci\u00f3n sencilla y robusta, con una carcasa de v\u00e1lvula de tecnopol\u00edmero, ofrece la m\u00e1xima fiabilidad y convierte a la SS0001 en la segunda etapa ideal para los buceadores noveles y en una elecci\u00f3n perfecta para las botellas de deco gracias a su fijaci\u00f3n reversible del latiguillo. Las v\u00e1lvulas downstream cl\u00e1sicas destacan especialmente por su legendaria seguridad y fiabilidad. Cuando se utiliza, la v\u00e1lvula aguas abajo se abre en la misma direcci\u00f3n que el flujo de aire entrante. Para cerrar la v\u00e1lvula y detener el flujo de aire, un muelle contrarresta la fuerza del aire entrante. Por lo tanto, siempre se requiere un cierto esfuerzo de inhalaci\u00f3n para superar la tensi\u00f3n del muelle y abrir la v\u00e1lvula.       <\/p>\n<p>&nbsp;<\/p>\n<p><strong>Dimensiones:<\/strong><\/p>\n","protected":false},"excerpt":{"rendered":"<p>El seguro-segundo SS0001 tiene un dise\u00f1o de carcasa de material compuesto ligero y compacto, y permite su configuraci\u00f3n tanto con la mano izquierda como con la derecha. El SS0001 incorpora una palanca de ajuste venturi para facilitar la respiraci\u00f3n y una boquilla ortop\u00e9dica. El SS0001 combina una v\u00e1lvula downstream cl\u00e1sica con un gran diafragma y&hellip;<\/p>\n","protected":false},"featured_media":18618,"comment_status":"closed","ping_status":"closed","template":"","meta":{"_acf_changed":false},"product_cat":[422],"product_tag":[],"class_list":{"0":"post-18611","1":"product","2":"type-product","3":"status-publish","4":"has-post-thumbnail","6":"product_cat-reguladores","8":"first","9":"instock","10":"purchasable","11":"product-type-variable"},"acf":[],"_links":{"self":[{"href":"https:\/\/tusa.viewsite.link\/es\/wp-json\/wp\/v2\/product\/18611","targetHints":{"allow":["GET"]}}],"collection":[{"href":"https:\/\/tusa.viewsite.link\/es\/wp-json\/wp\/v2\/product"}],"about":[{"href":"https:\/\/tusa.viewsite.link\/es\/wp-json\/wp\/v2\/types\/product"}],"replies":[{"embeddable":true,"href":"https:\/\/tusa.viewsite.link\/es\/wp-json\/wp\/v2\/comments?post=18611"}],"wp:featuredmedia":[{"embeddable":true,"href":"https:\/\/tusa.viewsite.link\/es\/wp-json\/wp\/v2\/media\/18618"}],"wp:attachment":[{"href":"https:\/\/tusa.viewsite.link\/es\/wp-json\/wp\/v2\/media?parent=18611"}],"wp:term":[{"taxonomy":"product_cat","embeddable":true,"href":"https:\/\/tusa.viewsite.link\/es\/wp-json\/wp\/v2\/product_cat?post=18611"},{"taxonomy":"product_tag","embeddable":true,"href":"https:\/\/tusa.viewsite.link\/es\/wp-json\/wp\/v2\/product_tag?post=18611"}],"curies":[{"name":"wp","href":"https:\/\/api.w.org\/{rel}","templated":true}]}}