{"id":18602,"date":"2024-09-09T23:08:56","date_gmt":"2024-09-09T23:08:56","guid":{"rendered":"https:\/\/tusa.viewsite.link\/product\/pelicula-freedom-para-mascara-grande-de-2-ventanas\/"},"modified":"2024-09-09T23:08:56","modified_gmt":"2024-09-09T23:08:56","slug":"pelicula-freedom-para-mascara-grande-de-2-ventanas","status":"publish","type":"product","link":"https:\/\/tusa.viewsite.link\/es\/producto\/pelicula-freedom-para-mascara-grande-de-2-ventanas\/","title":{"rendered":"Pel\u00edcula Freedom para m\u00e1scara grande de 2 ventanas"},"content":{"rendered":"<p>La pel\u00edcula antivaho mantendr\u00e1 tu m\u00e1scara favorita sin vaho mientras buceas bajo el agua. Fabricada con material duradero de larga duraci\u00f3n, la pel\u00edcula Freedom puede instalarse f\u00e1cilmente en cualquier m\u00e1scara de 2 ventanas de mayor tama\u00f1o y es reutilizable con los cuidados adecuados. <\/p>\n<p>&nbsp;<\/p>\n<p><strong>Dimensiones:<\/strong><\/p>\n","protected":false},"excerpt":{"rendered":"<p>La pel\u00edcula antivaho mantendr\u00e1 tu m\u00e1scara de 2 ventanas favorita sin vaho mientras buceas bajo el agua.<\/p>\n","protected":false},"featured_media":18604,"comment_status":"closed","ping_status":"closed","template":"","meta":{"_acf_changed":false},"product_cat":[421],"product_tag":[],"class_list":{"0":"post-18602","1":"product","2":"type-product","3":"status-publish","4":"has-post-thumbnail","6":"product_cat-accesorios","8":"first","9":"instock","10":"purchasable","11":"product-type-simple"},"acf":[],"_links":{"self":[{"href":"https:\/\/tusa.viewsite.link\/es\/wp-json\/wp\/v2\/product\/18602","targetHints":{"allow":["GET"]}}],"collection":[{"href":"https:\/\/tusa.viewsite.link\/es\/wp-json\/wp\/v2\/product"}],"about":[{"href":"https:\/\/tusa.viewsite.link\/es\/wp-json\/wp\/v2\/types\/product"}],"replies":[{"embeddable":true,"href":"https:\/\/tusa.viewsite.link\/es\/wp-json\/wp\/v2\/comments?post=18602"}],"wp:featuredmedia":[{"embeddable":true,"href":"https:\/\/tusa.viewsite.link\/es\/wp-json\/wp\/v2\/media\/18604"}],"wp:attachment":[{"href":"https:\/\/tusa.viewsite.link\/es\/wp-json\/wp\/v2\/media?parent=18602"}],"wp:term":[{"taxonomy":"product_cat","embeddable":true,"href":"https:\/\/tusa.viewsite.link\/es\/wp-json\/wp\/v2\/product_cat?post=18602"},{"taxonomy":"product_tag","embeddable":true,"href":"https:\/\/tusa.viewsite.link\/es\/wp-json\/wp\/v2\/product_tag?post=18602"}],"curies":[{"name":"wp","href":"https:\/\/api.w.org\/{rel}","templated":true}]}}