{"id":18593,"date":"2024-09-09T23:08:56","date_gmt":"2024-09-09T23:08:56","guid":{"rendered":"https:\/\/tusa.viewsite.link\/product\/correa-elastica-universal\/"},"modified":"2024-09-09T23:08:56","modified_gmt":"2024-09-09T23:08:56","slug":"correa-elastica-universal","status":"publish","type":"product","link":"https:\/\/tusa.viewsite.link\/es\/producto\/correa-elastica-universal\/","title":{"rendered":"Correa el\u00e1stica universal"},"content":{"rendered":"<p>Esta correa el\u00e1stica universal es ajustable y est\u00e1 dise\u00f1ada para adaptarse a la mayor\u00eda de las aletas de tal\u00f3n abierto del mercado, lo que garantiza que puedas utilizarla con tu equipo actual sin problemas. Su innovadora bisagra comfort-flex y la talonera de goma con presilla para los dedos proporcionan un ajuste seguro y f\u00e1cil, haciendo que tu experiencia de buceo sea m\u00e1s agradable. La correa el\u00e1stica TUSA, con sus cinco posiciones ajustables, te permite encontrar el ajuste perfecto para tu pie, garantizando una inmersi\u00f3n c\u00f3moda y segura. Su dise\u00f1o de talla \u00fanica la convierte en un complemento vers\u00e1til de tu equipo de buceo, compatible con una amplia gama de aletas. La talonera de goma, equipada con un c\u00f3modo bucle para los dedos, hace que sea muy f\u00e1cil ponerse y quitarse las aletas, incluso con guantes, d\u00e1ndote una sensaci\u00f3n de control y confianza en tu equipo. La correa el\u00e1stica TUSA, con su dise\u00f1o anat\u00f3mico, ofrece un equilibrio perfecto entre flexibilidad y control, garantizando una inmersi\u00f3n c\u00f3moda y eficaz. Su dise\u00f1o reduce significativamente el deslizamiento del tal\u00f3n y mejora la transferencia de potencia. La correa el\u00e1stica de alta resistencia garantiza durabilidad y fiabilidad, proporcion\u00e1ndote una sensaci\u00f3n de seguridad y tranquilidad sin importar las condiciones, convirti\u00e9ndola en una compa\u00f1era fiable para tus aventuras de buceo. <\/p>\n<p>&nbsp;<\/p>\n<p><strong>Dimensiones:<\/strong><\/p>\n<p>18 x 6 x 3 pulg.<\/p>\n","protected":false},"excerpt":{"rendered":"<p>La correa el\u00e1stica universal es ajustable, de talla \u00fanica, y se adapta a la mayor\u00eda de las aletas de tal\u00f3n abierto del mercado. Su c\u00f3moda bisagra flexible y su talonera de goma con presilla para los dedos facilitan el ajuste. <\/p>\n","protected":false},"featured_media":18599,"comment_status":"closed","ping_status":"closed","template":"","meta":{"_acf_changed":false},"product_cat":[421],"product_tag":[],"class_list":{"0":"post-18593","1":"product","2":"type-product","3":"status-publish","4":"has-post-thumbnail","6":"product_cat-accesorios","8":"first","9":"instock","10":"purchasable","11":"product-type-variable"},"acf":[],"_links":{"self":[{"href":"https:\/\/tusa.viewsite.link\/es\/wp-json\/wp\/v2\/product\/18593","targetHints":{"allow":["GET"]}}],"collection":[{"href":"https:\/\/tusa.viewsite.link\/es\/wp-json\/wp\/v2\/product"}],"about":[{"href":"https:\/\/tusa.viewsite.link\/es\/wp-json\/wp\/v2\/types\/product"}],"replies":[{"embeddable":true,"href":"https:\/\/tusa.viewsite.link\/es\/wp-json\/wp\/v2\/comments?post=18593"}],"wp:featuredmedia":[{"embeddable":true,"href":"https:\/\/tusa.viewsite.link\/es\/wp-json\/wp\/v2\/media\/18599"}],"wp:attachment":[{"href":"https:\/\/tusa.viewsite.link\/es\/wp-json\/wp\/v2\/media?parent=18593"}],"wp:term":[{"taxonomy":"product_cat","embeddable":true,"href":"https:\/\/tusa.viewsite.link\/es\/wp-json\/wp\/v2\/product_cat?post=18593"},{"taxonomy":"product_tag","embeddable":true,"href":"https:\/\/tusa.viewsite.link\/es\/wp-json\/wp\/v2\/product_tag?post=18593"}],"curies":[{"name":"wp","href":"https:\/\/api.w.org\/{rel}","templated":true}]}}