{"id":18581,"date":"2024-09-09T23:08:56","date_gmt":"2024-09-09T23:08:56","guid":{"rendered":"https:\/\/tusa.viewsite.link\/product\/correa-de-nylon\/"},"modified":"2024-09-09T23:08:56","modified_gmt":"2024-09-09T23:08:56","slug":"correa-de-nylon","status":"publish","type":"product","link":"https:\/\/tusa.viewsite.link\/es\/producto\/correa-de-nylon\/","title":{"rendered":"Correa de nylon"},"content":{"rendered":"<p>La Mu\u00f1equera de Nylon TUSA TC1 est\u00e1 dise\u00f1ada pensando en tu comodidad y estilo. Fabricada con un material de nailon resistente y duradero que es suave con la piel, esta correa es perfecta para cualquier aventura en la que te encuentres. La hebilla ajustable y las anillas de acero inoxidable facilitan su colocaci\u00f3n y ajuste, mientras que la construcci\u00f3n de nailon garantiza que resistir\u00e1 todo tipo de elementos. Disfruta de la comodidad y seguridad que supone tener tu ordenador de buceo conectado de forma segura a esta bonita correa de mu\u00f1eca.   <\/p>\n<p>&nbsp;<\/p>\n<p><strong>Dimensiones:<\/strong><\/p>\n<p>12 x 9,5 x 2,5 pulg.<\/p>\n","protected":false},"excerpt":{"rendered":"<p>Correa de seguridad de nailon para los ordenadores de buceo de mu\u00f1eca TUSA TC1.<\/p>\n","protected":false},"featured_media":18588,"comment_status":"closed","ping_status":"closed","template":"","meta":{"_acf_changed":false},"product_cat":[421],"product_tag":[],"class_list":{"0":"post-18581","1":"product","2":"type-product","3":"status-publish","4":"has-post-thumbnail","6":"product_cat-accesorios","8":"first","9":"instock","10":"purchasable","11":"product-type-variable"},"acf":[],"_links":{"self":[{"href":"https:\/\/tusa.viewsite.link\/es\/wp-json\/wp\/v2\/product\/18581","targetHints":{"allow":["GET"]}}],"collection":[{"href":"https:\/\/tusa.viewsite.link\/es\/wp-json\/wp\/v2\/product"}],"about":[{"href":"https:\/\/tusa.viewsite.link\/es\/wp-json\/wp\/v2\/types\/product"}],"replies":[{"embeddable":true,"href":"https:\/\/tusa.viewsite.link\/es\/wp-json\/wp\/v2\/comments?post=18581"}],"wp:featuredmedia":[{"embeddable":true,"href":"https:\/\/tusa.viewsite.link\/es\/wp-json\/wp\/v2\/media\/18588"}],"wp:attachment":[{"href":"https:\/\/tusa.viewsite.link\/es\/wp-json\/wp\/v2\/media?parent=18581"}],"wp:term":[{"taxonomy":"product_cat","embeddable":true,"href":"https:\/\/tusa.viewsite.link\/es\/wp-json\/wp\/v2\/product_cat?post=18581"},{"taxonomy":"product_tag","embeddable":true,"href":"https:\/\/tusa.viewsite.link\/es\/wp-json\/wp\/v2\/product_tag?post=18581"}],"curies":[{"name":"wp","href":"https:\/\/api.w.org\/{rel}","templated":true}]}}