{"id":18572,"date":"2024-09-09T23:08:56","date_gmt":"2024-09-09T23:08:56","guid":{"rendered":"https:\/\/tusa.viewsite.link\/product\/cuchilla-switch-pro\/"},"modified":"2024-09-09T23:08:56","modified_gmt":"2024-09-09T23:08:56","slug":"cuchilla-switch-pro","status":"publish","type":"product","link":"https:\/\/tusa.viewsite.link\/es\/producto\/cuchilla-switch-pro\/","title":{"rendered":"Cuchilla SWITCH Pro"},"content":{"rendered":"<p>La pala TUSA HyFlex SWITCH Pro (s\u00f3lo pala) ofrece un compuesto de <strong>pala un 20% m\u00e1s r\u00edgido<\/strong> que la pala est\u00e1ndar HyFlex SWITCH, dise\u00f1ada para buceadores profesionales y avanzados. La pala TUSA HyFlex SWITCH Pro puede adaptarse al sistema de aletas TUSA HyFlex. Sustituye las palas de tus aletas HyFlex Vesna o HyFlex Switch por la pala TUSA HyFlex SWITCH Pro para conseguir una patada m\u00e1s potente.  <\/p>\n<p>&nbsp;<\/p>\n<p><strong>Dimensiones:<\/strong><\/p>\n<p>12 x 10 x 4 pulg.<\/p>\n","protected":false},"excerpt":{"rendered":"<p>La TUSA HyFlex SWITCH Pro (s\u00f3lo pala) ofrece un compuesto de pala un 20% m\u00e1s r\u00edgido que la pala est\u00e1ndar HyFlex SWITCH, dise\u00f1ada para buceadores profesionales y avanzados.<\/p>\n","protected":false},"featured_media":18579,"comment_status":"closed","ping_status":"closed","template":"","meta":{"_acf_changed":false},"product_cat":[416],"product_tag":[],"class_list":{"0":"post-18572","1":"product","2":"type-product","3":"status-publish","4":"has-post-thumbnail","6":"product_cat-aletas","8":"first","9":"instock","10":"purchasable","11":"product-type-variable"},"acf":[],"_links":{"self":[{"href":"https:\/\/tusa.viewsite.link\/es\/wp-json\/wp\/v2\/product\/18572","targetHints":{"allow":["GET"]}}],"collection":[{"href":"https:\/\/tusa.viewsite.link\/es\/wp-json\/wp\/v2\/product"}],"about":[{"href":"https:\/\/tusa.viewsite.link\/es\/wp-json\/wp\/v2\/types\/product"}],"replies":[{"embeddable":true,"href":"https:\/\/tusa.viewsite.link\/es\/wp-json\/wp\/v2\/comments?post=18572"}],"wp:featuredmedia":[{"embeddable":true,"href":"https:\/\/tusa.viewsite.link\/es\/wp-json\/wp\/v2\/media\/18579"}],"wp:attachment":[{"href":"https:\/\/tusa.viewsite.link\/es\/wp-json\/wp\/v2\/media?parent=18572"}],"wp:term":[{"taxonomy":"product_cat","embeddable":true,"href":"https:\/\/tusa.viewsite.link\/es\/wp-json\/wp\/v2\/product_cat?post=18572"},{"taxonomy":"product_tag","embeddable":true,"href":"https:\/\/tusa.viewsite.link\/es\/wp-json\/wp\/v2\/product_tag?post=18572"}],"curies":[{"name":"wp","href":"https:\/\/api.w.org\/{rel}","templated":true}]}}