{"id":18567,"date":"2024-09-09T23:08:56","date_gmt":"2024-09-09T23:08:56","guid":{"rendered":"https:\/\/tusa.viewsite.link\/product\/bolsillo-para-los-pies\/"},"modified":"2024-09-09T23:08:56","modified_gmt":"2024-09-09T23:08:56","slug":"bolsillo-para-los-pies","status":"publish","type":"product","link":"https:\/\/tusa.viewsite.link\/es\/producto\/bolsillo-para-los-pies\/","title":{"rendered":"Bolsillo para los pies"},"content":{"rendered":"<p>Desbloquea la comodidad y el rendimiento sin igual del buceo con el Bolsillo para Pie de Repuesto TUSA. Esta pieza de equipo, dise\u00f1ada para buzos que priorizan la calidad y la durabilidad, garantiza un ajuste perfecto con varios modelos de aletas TUSA. Fabricado con materiales de primera calidad, ofrece estabilidad y comodidad, incluso en las condiciones subacu\u00e1ticas m\u00e1s duras. Su dise\u00f1o ergon\u00f3mico minimiza la fatiga, mejorando tu movilidad y permiti\u00e9ndote disfrutar plenamente de cada inmersi\u00f3n.   <\/p>\n<p>&nbsp;<\/p>\n<p><strong>Dimensiones:<\/strong><\/p>\n<p>Dimensiones: 11,14 \u00d7 5,35 in \/ 28,3 \u00d7 13,6 cm<br \/>\n Peso: 1,57 lb \/ .71 kg<\/p>\n","protected":false},"excerpt":{"rendered":"<p>El calzante de repuesto TUSA est\u00e1 dise\u00f1ado para buceadores, priorizando la calidad y la durabilidad, asegurando un ajuste perfecto de nuestra l\u00ednea de palas con sistema HyFlex.<\/p>\n","protected":false},"featured_media":18569,"comment_status":"closed","ping_status":"closed","template":"","meta":{"_acf_changed":false},"product_cat":[416],"product_tag":[],"class_list":{"0":"post-18567","1":"product","2":"type-product","3":"status-publish","4":"has-post-thumbnail","6":"product_cat-aletas","8":"first","9":"instock","10":"purchasable","11":"product-type-simple"},"acf":[],"_links":{"self":[{"href":"https:\/\/tusa.viewsite.link\/es\/wp-json\/wp\/v2\/product\/18567","targetHints":{"allow":["GET"]}}],"collection":[{"href":"https:\/\/tusa.viewsite.link\/es\/wp-json\/wp\/v2\/product"}],"about":[{"href":"https:\/\/tusa.viewsite.link\/es\/wp-json\/wp\/v2\/types\/product"}],"replies":[{"embeddable":true,"href":"https:\/\/tusa.viewsite.link\/es\/wp-json\/wp\/v2\/comments?post=18567"}],"wp:featuredmedia":[{"embeddable":true,"href":"https:\/\/tusa.viewsite.link\/es\/wp-json\/wp\/v2\/media\/18569"}],"wp:attachment":[{"href":"https:\/\/tusa.viewsite.link\/es\/wp-json\/wp\/v2\/media?parent=18567"}],"wp:term":[{"taxonomy":"product_cat","embeddable":true,"href":"https:\/\/tusa.viewsite.link\/es\/wp-json\/wp\/v2\/product_cat?post=18567"},{"taxonomy":"product_tag","embeddable":true,"href":"https:\/\/tusa.viewsite.link\/es\/wp-json\/wp\/v2\/product_tag?post=18567"}],"curies":[{"name":"wp","href":"https:\/\/api.w.org\/{rel}","templated":true}]}}