{"id":18559,"date":"2024-09-09T23:08:41","date_gmt":"2024-09-09T23:08:41","guid":{"rendered":"https:\/\/tusa.viewsite.link\/product\/regulador-rs609\/"},"modified":"2024-09-09T23:08:41","modified_gmt":"2024-09-09T23:08:41","slug":"regulador-rs609","status":"publish","type":"product","link":"https:\/\/tusa.viewsite.link\/es\/producto\/regulador-rs609\/","title":{"rendered":"Regulador RS609"},"content":{"rendered":"<p>Este regulador es el superh\u00e9roe del mundo del buceo: es ligero, \u00e1gil y \u00a1tan eficiente! Es como tener un compa\u00f1ero de chapoteo que se asegura de que respires sin esfuerzo mientras te sumerges en la aventura. a cara de la segunda etapa est\u00e1 fabricada en acero inoxidable y tiene un acabado pulido a espejo de lo m\u00e1s elegante. \u00a1Seguro que esta peque\u00f1a belleza har\u00e1 girar algunas aletas en el oc\u00e9ano! La primera etapa R600 es la potencia definitiva. Es compacta y ligera como una pluma, pero ofrece un gran rendimiento. \u00a1Es como tener un motor a reacci\u00f3n que cabe en tu bolsillo! <\/p>\n<p>&nbsp;<\/p>\n<p><strong>Dimensiones:<\/strong><\/p>\n","protected":false},"excerpt":{"rendered":"<p>Este nuevo regulador de alto rendimiento es ultraligero y flexible, y utiliza un eficaz sistema de demanda que permite respirar con facilidad.<\/p>\n","protected":false},"featured_media":18562,"comment_status":"closed","ping_status":"closed","template":"","meta":{"_acf_changed":false},"product_cat":[422],"product_tag":[],"class_list":{"0":"post-18559","1":"product","2":"type-product","3":"status-publish","4":"has-post-thumbnail","6":"product_cat-reguladores","8":"first","9":"instock","10":"purchasable","11":"product-type-variable"},"acf":[],"_links":{"self":[{"href":"https:\/\/tusa.viewsite.link\/es\/wp-json\/wp\/v2\/product\/18559","targetHints":{"allow":["GET"]}}],"collection":[{"href":"https:\/\/tusa.viewsite.link\/es\/wp-json\/wp\/v2\/product"}],"about":[{"href":"https:\/\/tusa.viewsite.link\/es\/wp-json\/wp\/v2\/types\/product"}],"replies":[{"embeddable":true,"href":"https:\/\/tusa.viewsite.link\/es\/wp-json\/wp\/v2\/comments?post=18559"}],"wp:featuredmedia":[{"embeddable":true,"href":"https:\/\/tusa.viewsite.link\/es\/wp-json\/wp\/v2\/media\/18562"}],"wp:attachment":[{"href":"https:\/\/tusa.viewsite.link\/es\/wp-json\/wp\/v2\/media?parent=18559"}],"wp:term":[{"taxonomy":"product_cat","embeddable":true,"href":"https:\/\/tusa.viewsite.link\/es\/wp-json\/wp\/v2\/product_cat?post=18559"},{"taxonomy":"product_tag","embeddable":true,"href":"https:\/\/tusa.viewsite.link\/es\/wp-json\/wp\/v2\/product_tag?post=18559"}],"curies":[{"name":"wp","href":"https:\/\/api.w.org\/{rel}","templated":true}]}}