{"id":18548,"date":"2024-09-09T23:08:41","date_gmt":"2024-09-09T23:08:41","guid":{"rendered":"https:\/\/tusa.viewsite.link\/product\/consola-spg-analogica-platina\/"},"modified":"2024-09-09T23:08:41","modified_gmt":"2024-09-09T23:08:41","slug":"consola-spg-analogica-platina","status":"publish","type":"product","link":"https:\/\/tusa.viewsite.link\/es\/producto\/consola-spg-analogica-platina\/","title":{"rendered":"Consola SPG Anal\u00f3gica Platina"},"content":{"rendered":"<p>La SCA-270 es una consola de br\u00fajula y man\u00f3metro de nuevo dise\u00f1o que constituye un complemento ideal para un ordenador de buceo de mu\u00f1eca como el IQ-650, el IQ-750 o el IQ-900. La consola proporciona presi\u00f3n atmosf\u00e9rica continua, temperatura y direcci\u00f3n de navegaci\u00f3n en un formato f\u00e1cil de leer. Ligera y eficiente, la SCA-270 incorpora una br\u00fajula de vista superior y lateral en la consola y est\u00e1 dise\u00f1ada y fabricada conforme a los r\u00edgidos est\u00e1ndares de calidad y rendimiento TUSA.  <\/p>\n<p>&nbsp;<\/p>\n<p><strong>Dimensiones:<\/strong><\/p>\n<p>Dimensiones: 6,9 pulg. x 2,8 pulg.<br \/>\n 175 mm x 70 mm<\/p>\n","protected":false},"excerpt":{"rendered":"<p>La SCA-270 es una consola de br\u00fajula y man\u00f3metro de nuevo dise\u00f1o que constituye un complemento ideal para un ordenador de buceo de mu\u00f1eca como el IQ-650, el IQ-750 o el IQ-900.<\/p>\n","protected":false},"featured_media":18558,"comment_status":"closed","ping_status":"closed","template":"","meta":{"_acf_changed":false},"product_cat":[420],"product_tag":[],"class_list":{"0":"post-18548","1":"product","2":"type-product","3":"status-publish","4":"has-post-thumbnail","6":"product_cat-instrumentos","8":"first","9":"instock","10":"purchasable","11":"product-type-variable"},"acf":[],"_links":{"self":[{"href":"https:\/\/tusa.viewsite.link\/es\/wp-json\/wp\/v2\/product\/18548","targetHints":{"allow":["GET"]}}],"collection":[{"href":"https:\/\/tusa.viewsite.link\/es\/wp-json\/wp\/v2\/product"}],"about":[{"href":"https:\/\/tusa.viewsite.link\/es\/wp-json\/wp\/v2\/types\/product"}],"replies":[{"embeddable":true,"href":"https:\/\/tusa.viewsite.link\/es\/wp-json\/wp\/v2\/comments?post=18548"}],"wp:featuredmedia":[{"embeddable":true,"href":"https:\/\/tusa.viewsite.link\/es\/wp-json\/wp\/v2\/media\/18558"}],"wp:attachment":[{"href":"https:\/\/tusa.viewsite.link\/es\/wp-json\/wp\/v2\/media?parent=18548"}],"wp:term":[{"taxonomy":"product_cat","embeddable":true,"href":"https:\/\/tusa.viewsite.link\/es\/wp-json\/wp\/v2\/product_cat?post=18548"},{"taxonomy":"product_tag","embeddable":true,"href":"https:\/\/tusa.viewsite.link\/es\/wp-json\/wp\/v2\/product_tag?post=18548"}],"curies":[{"name":"wp","href":"https:\/\/api.w.org\/{rel}","templated":true}]}}