{"id":18540,"date":"2024-09-09T23:08:41","date_gmt":"2024-09-09T23:08:41","guid":{"rendered":"https:\/\/tusa.viewsite.link\/product\/consola-analogica-de-3-indicadores\/"},"modified":"2025-05-06T18:53:39","modified_gmt":"2025-05-06T18:53:39","slug":"consola-analogica-de-3-indicadores","status":"publish","type":"product","link":"https:\/\/tusa.viewsite.link\/es\/producto\/consola-analogica-de-3-indicadores\/","title":{"rendered":"Consola anal\u00f3gica de 3 indicadores"},"content":{"rendered":"<p>La SCA-360 es una consola de 3 man\u00f3metros recientemente redise\u00f1ada que proporciona datos de inmersi\u00f3n continuos en un formato f\u00e1cil de leer. Ligera y eficiente, la SCA-360 incorpora una br\u00fajula de vista superior y lateral en el reverso de la consola y est\u00e1 dise\u00f1ada y fabricada seg\u00fan las r\u00edgidas normas de calidad y rendimiento TUSA.<\/p>\n<p>El man\u00f3metro de presi\u00f3n de 5000 psi\/400 bar (4350 psi\/300 bar m\u00e1x.) y el profund\u00edmetro de 200 pies\/60 m incorporan diales luminiscentes que resultan muy legibles en condiciones de oscuridad o baja visibilidad. Toda la esfera brilla lo suficiente para que sea ideal para el buceo nocturno o en zonas oscuras, pero no contiene materiales radiactivos. <\/p>\n<p>&nbsp;<\/p>\n<p><strong>Dimensiones:<\/strong><\/p>\n<p>Dimensiones: 6,9 pulg. x 2,8 pulg.<br \/>\n175 mm x 70 mm<\/p>\n","protected":false},"excerpt":{"rendered":"<p>La SCA-360 es una consola de 3 man\u00f3metros recientemente redise\u00f1ada que proporciona datos de inmersi\u00f3n continuos en un formato f\u00e1cil de leer.<\/p>\n","protected":false},"featured_media":18543,"comment_status":"closed","ping_status":"closed","template":"","meta":{"_acf_changed":false},"product_cat":[420],"product_tag":[],"class_list":{"0":"post-18540","1":"product","2":"type-product","3":"status-publish","4":"has-post-thumbnail","6":"product_cat-instrumentos","8":"first","9":"instock","10":"purchasable","11":"product-type-variable"},"acf":[],"_links":{"self":[{"href":"https:\/\/tusa.viewsite.link\/es\/wp-json\/wp\/v2\/product\/18540","targetHints":{"allow":["GET"]}}],"collection":[{"href":"https:\/\/tusa.viewsite.link\/es\/wp-json\/wp\/v2\/product"}],"about":[{"href":"https:\/\/tusa.viewsite.link\/es\/wp-json\/wp\/v2\/types\/product"}],"replies":[{"embeddable":true,"href":"https:\/\/tusa.viewsite.link\/es\/wp-json\/wp\/v2\/comments?post=18540"}],"wp:featuredmedia":[{"embeddable":true,"href":"https:\/\/tusa.viewsite.link\/es\/wp-json\/wp\/v2\/media\/18543"}],"wp:attachment":[{"href":"https:\/\/tusa.viewsite.link\/es\/wp-json\/wp\/v2\/media?parent=18540"}],"wp:term":[{"taxonomy":"product_cat","embeddable":true,"href":"https:\/\/tusa.viewsite.link\/es\/wp-json\/wp\/v2\/product_cat?post=18540"},{"taxonomy":"product_tag","embeddable":true,"href":"https:\/\/tusa.viewsite.link\/es\/wp-json\/wp\/v2\/product_tag?post=18540"}],"curies":[{"name":"wp","href":"https:\/\/api.w.org\/{rel}","templated":true}]}}