{"id":18508,"date":"2024-09-09T23:08:41","date_gmt":"2024-09-09T23:08:41","guid":{"rendered":"https:\/\/tusa.viewsite.link\/product\/sav-7-evo3\/"},"modified":"2024-09-09T23:08:41","modified_gmt":"2024-09-09T23:08:41","slug":"sav-7-evo3","status":"publish","type":"product","link":"https:\/\/tusa.viewsite.link\/es\/producto\/sav-7-evo3\/","title":{"rendered":"SAV-7 EVO3"},"content":{"rendered":"<p>Para los exploradores submarinos, el veh\u00edculo de propulsi\u00f3n para buceadores m\u00e1s fiable acaba de mejorar con la nueva generaci\u00f3n del TUSA SAV-7 EVO3. Este nuevo veh\u00edculo subacu\u00e1tico incorpora un innovador y patentado Sill\u00edn de Conducci\u00f3n Manos Libres, un Control de Velocidad Variable de respuesta r\u00e1pida y suave, y una Bater\u00eda de Iones de Litio de alto rendimiento y larga duraci\u00f3n con un Indicador de Vida de la Bater\u00eda L.E.D. La SAV-7EVO3 se ha actualizado con un peque\u00f1o cargador de bater\u00eda mejorado que cumple los requisitos energ\u00e9ticos. Todas las dem\u00e1s especificaciones siguen siendo las mismas. <\/p>\n<p>&nbsp;<\/p>\n<p><strong>Dimensiones:<\/strong><\/p>\n<p>Dimensiones (largo x ancho):<br \/>\n 28,4 pulg. \u00d7 13,4 pulg.<br \/>\n 720 mm \u00d7 340 mm<br \/>\n Peso (con bater\u00eda):<br \/>\n 45 lbs \/ 20,4 kg<br \/>\n Peso de la unidad sumergida:<br \/>\n 1,1 lbs \/ 0,5 kg<\/p>\n<p> Velocidad: 0 ~ 2,8mi\/h (4,5km\/h)<br \/>\n Profundidad activa:<br \/>\n Aprox. 70 m \/ 230 pies<\/p>\n<p> Alcance activo: 9.400 m \/ 5,9 mi<\/p>\n<p> Cuerpo: Resina ABS resistente a los golpes <\/p>\n","protected":false},"excerpt":{"rendered":"<p>Para los exploradores submarinos, el veh\u00edculo de propulsi\u00f3n para buceadores m\u00e1s fiable acaba de mejorar con la nueva generaci\u00f3n TUSA SAV-7 EVO3.<\/p>\n","protected":false},"featured_media":18512,"comment_status":"closed","ping_status":"closed","template":"","meta":{"_acf_changed":false},"product_cat":[424],"product_tag":[],"class_list":{"0":"post-18508","1":"product","2":"type-product","3":"status-publish","4":"has-post-thumbnail","6":"product_cat-scooter-de-buceo","8":"first","9":"instock","10":"purchasable","11":"product-type-variable"},"acf":[],"_links":{"self":[{"href":"https:\/\/tusa.viewsite.link\/es\/wp-json\/wp\/v2\/product\/18508","targetHints":{"allow":["GET"]}}],"collection":[{"href":"https:\/\/tusa.viewsite.link\/es\/wp-json\/wp\/v2\/product"}],"about":[{"href":"https:\/\/tusa.viewsite.link\/es\/wp-json\/wp\/v2\/types\/product"}],"replies":[{"embeddable":true,"href":"https:\/\/tusa.viewsite.link\/es\/wp-json\/wp\/v2\/comments?post=18508"}],"wp:featuredmedia":[{"embeddable":true,"href":"https:\/\/tusa.viewsite.link\/es\/wp-json\/wp\/v2\/media\/18512"}],"wp:attachment":[{"href":"https:\/\/tusa.viewsite.link\/es\/wp-json\/wp\/v2\/media?parent=18508"}],"wp:term":[{"taxonomy":"product_cat","embeddable":true,"href":"https:\/\/tusa.viewsite.link\/es\/wp-json\/wp\/v2\/product_cat?post=18508"},{"taxonomy":"product_tag","embeddable":true,"href":"https:\/\/tusa.viewsite.link\/es\/wp-json\/wp\/v2\/product_tag?post=18508"}],"curies":[{"name":"wp","href":"https:\/\/api.w.org\/{rel}","templated":true}]}}