{"id":18507,"date":"2024-09-09T23:08:41","date_gmt":"2024-09-09T23:08:41","guid":{"rendered":"https:\/\/tusa.viewsite.link\/product\/esnorquel-reeftourer\/"},"modified":"2024-09-09T23:08:41","modified_gmt":"2024-09-09T23:08:41","slug":"esnorquel-reeftourer","status":"publish","type":"product","link":"https:\/\/tusa.viewsite.link\/es\/producto\/esnorquel-reeftourer\/","title":{"rendered":"Esn\u00f3rquel ReefTourer"},"content":{"rendered":"<p>El esn\u00f3rquel SP-121QB Reef Tourer presenta un dise\u00f1o de barril de corte transversal para facilitar el vaciado. El SP-121QB, un excelente tubo de iniciaci\u00f3n de&nbsp;, es un complemento sencillo para tu equipo de snorkel. <\/p>\n<p>&nbsp;<\/p>\n<p><strong>Dimensiones:<\/strong><\/p>\n<p>Volumen interno: 7,1 ci \/ 116 cc<br \/>\n Dimensi\u00f3n: 15,1 in x 5,1 in \/ 385 mm x 129 mm<br \/>\n Peso: 3,7 oz \/ 105 g<\/p>\n","protected":false},"excerpt":{"rendered":"<p>El SP-121QB, un excelente tubo de iniciaci\u00f3n, es un complemento sencillo para tu equipo de buceo.<\/p>\n","protected":false},"featured_media":18511,"comment_status":"closed","ping_status":"closed","template":"","meta":{"_acf_changed":false},"product_cat":[423],"product_tag":[],"class_list":{"0":"post-18507","1":"product","2":"type-product","3":"status-publish","4":"has-post-thumbnail","6":"product_cat-tubos-de-buceo","8":"first","9":"instock","10":"purchasable","11":"product-type-variable"},"acf":[],"_links":{"self":[{"href":"https:\/\/tusa.viewsite.link\/es\/wp-json\/wp\/v2\/product\/18507","targetHints":{"allow":["GET"]}}],"collection":[{"href":"https:\/\/tusa.viewsite.link\/es\/wp-json\/wp\/v2\/product"}],"about":[{"href":"https:\/\/tusa.viewsite.link\/es\/wp-json\/wp\/v2\/types\/product"}],"replies":[{"embeddable":true,"href":"https:\/\/tusa.viewsite.link\/es\/wp-json\/wp\/v2\/comments?post=18507"}],"wp:featuredmedia":[{"embeddable":true,"href":"https:\/\/tusa.viewsite.link\/es\/wp-json\/wp\/v2\/media\/18511"}],"wp:attachment":[{"href":"https:\/\/tusa.viewsite.link\/es\/wp-json\/wp\/v2\/media?parent=18507"}],"wp:term":[{"taxonomy":"product_cat","embeddable":true,"href":"https:\/\/tusa.viewsite.link\/es\/wp-json\/wp\/v2\/product_cat?post=18507"},{"taxonomy":"product_tag","embeddable":true,"href":"https:\/\/tusa.viewsite.link\/es\/wp-json\/wp\/v2\/product_tag?post=18507"}],"curies":[{"name":"wp","href":"https:\/\/api.w.org\/{rel}","templated":true}]}}