{"id":18459,"date":"2024-09-09T23:08:41","date_gmt":"2024-09-09T23:08:41","guid":{"rendered":"https:\/\/tusa.viewsite.link\/product\/aleta-vesna-con-correa-elastica\/"},"modified":"2024-09-09T23:08:41","modified_gmt":"2024-09-09T23:08:41","slug":"aleta-vesna-con-correa-elastica","status":"publish","type":"product","link":"https:\/\/tusa.viewsite.link\/es\/producto\/aleta-vesna-con-correa-elastica\/","title":{"rendered":"Aleta Vesna con Correa el\u00e1stica"},"content":{"rendered":"<p>La SF0101 TUSA Hyflex Vesna combina el dise\u00f1o de aleta \u00fanico de TUSA con los \u00faltimos materiales avanzados e innovaciones hidrodin\u00e1micas. La TUSA Hyflex Vesna est\u00e1 impulsada por la exclusiva tecnolog\u00eda APS \u00abActive Pivoting System\u00bb de TUSA, la combinaci\u00f3n de orificios posicionados de forma \u00fanica que reduce la resistencia al tiempo que mantiene una propulsi\u00f3n constante. La correa el\u00e1stica universal es ajustable, de talla \u00fanica, y se adapta a la mayor\u00eda de las aletas de tal\u00f3n abierto del mercado. Su c\u00f3moda bisagra flexible y su talonera de goma con presilla para los dedos facilitan el ajuste.   <\/p>\n<p>&nbsp;<\/p>\n<p><strong>Dimensiones:<\/strong><\/p>\n","protected":false},"excerpt":{"rendered":"<p>La SF0101 TUSA Hyflex Vesna combina el exclusivo dise\u00f1o de aletas de TUSA con los \u00faltimos materiales avanzados e innovaciones hidrodin\u00e1micas.<\/p>\n","protected":false},"featured_media":18464,"comment_status":"closed","ping_status":"closed","template":"","meta":{"_acf_changed":false},"product_cat":[416],"product_tag":[],"class_list":{"0":"post-18459","1":"product","2":"type-product","3":"status-publish","4":"has-post-thumbnail","6":"product_cat-aletas","8":"first","9":"instock","10":"purchasable","11":"product-type-variable"},"acf":[],"_links":{"self":[{"href":"https:\/\/tusa.viewsite.link\/es\/wp-json\/wp\/v2\/product\/18459","targetHints":{"allow":["GET"]}}],"collection":[{"href":"https:\/\/tusa.viewsite.link\/es\/wp-json\/wp\/v2\/product"}],"about":[{"href":"https:\/\/tusa.viewsite.link\/es\/wp-json\/wp\/v2\/types\/product"}],"replies":[{"embeddable":true,"href":"https:\/\/tusa.viewsite.link\/es\/wp-json\/wp\/v2\/comments?post=18459"}],"wp:featuredmedia":[{"embeddable":true,"href":"https:\/\/tusa.viewsite.link\/es\/wp-json\/wp\/v2\/media\/18464"}],"wp:attachment":[{"href":"https:\/\/tusa.viewsite.link\/es\/wp-json\/wp\/v2\/media?parent=18459"}],"wp:term":[{"taxonomy":"product_cat","embeddable":true,"href":"https:\/\/tusa.viewsite.link\/es\/wp-json\/wp\/v2\/product_cat?post=18459"},{"taxonomy":"product_tag","embeddable":true,"href":"https:\/\/tusa.viewsite.link\/es\/wp-json\/wp\/v2\/product_tag?post=18459"}],"curies":[{"name":"wp","href":"https:\/\/api.w.org\/{rel}","templated":true}]}}