{"id":18410,"date":"2024-09-09T23:08:22","date_gmt":"2024-09-09T23:08:22","guid":{"rendered":"https:\/\/tusa.viewsite.link\/product\/regulador-rs1001\/"},"modified":"2024-09-09T23:08:22","modified_gmt":"2024-09-09T23:08:22","slug":"regulador-rs1001","status":"publish","type":"product","link":"https:\/\/tusa.viewsite.link\/es\/producto\/regulador-rs1001\/","title":{"rendered":"Regulador RS1001"},"content":{"rendered":"<p>El regulador de primera etapa RS-1001 tiene un dise\u00f1o de sistema de diafragma equilibrado, mejorado con un conjunto de obturador HP mejorado para aumentar la fiabilidad. El diafragma equilibrado garantiza una variaci\u00f3n m\u00ednima de la presi\u00f3n intermedia a medida que cambia la presi\u00f3n del dep\u00f3sito. Este regulador de primera etapa est\u00e1 sellado al medio ambiente, protegiendo los delicados componentes internos de contaminantes como la sal, la arena, el cloro o los \u00e1cidos de la piscina, que pueden causar corrosi\u00f3n y deteriorar el rendimiento.  <\/p>\n<p>&nbsp;<\/p>\n<p><strong>Dimensiones:<\/strong><\/p>\n","protected":false},"excerpt":{"rendered":"<p>La primera etapa R1000 de diafragma equilibrado es compacta y ligera. Tiene una dotaci\u00f3n completa de cuatro puertos de baja presi\u00f3n y dos de alta presi\u00f3n, y est\u00e1 ajustada con precisi\u00f3n para un rendimiento \u00f3ptimo. <\/p>\n","protected":false},"featured_media":18413,"comment_status":"closed","ping_status":"closed","template":"","meta":{"_acf_changed":false},"product_cat":[422],"product_tag":[],"class_list":{"0":"post-18410","1":"product","2":"type-product","3":"status-publish","4":"has-post-thumbnail","6":"product_cat-reguladores","8":"first","9":"instock","10":"purchasable","11":"product-type-variable"},"acf":[],"_links":{"self":[{"href":"https:\/\/tusa.viewsite.link\/es\/wp-json\/wp\/v2\/product\/18410","targetHints":{"allow":["GET"]}}],"collection":[{"href":"https:\/\/tusa.viewsite.link\/es\/wp-json\/wp\/v2\/product"}],"about":[{"href":"https:\/\/tusa.viewsite.link\/es\/wp-json\/wp\/v2\/types\/product"}],"replies":[{"embeddable":true,"href":"https:\/\/tusa.viewsite.link\/es\/wp-json\/wp\/v2\/comments?post=18410"}],"wp:featuredmedia":[{"embeddable":true,"href":"https:\/\/tusa.viewsite.link\/es\/wp-json\/wp\/v2\/media\/18413"}],"wp:attachment":[{"href":"https:\/\/tusa.viewsite.link\/es\/wp-json\/wp\/v2\/media?parent=18410"}],"wp:term":[{"taxonomy":"product_cat","embeddable":true,"href":"https:\/\/tusa.viewsite.link\/es\/wp-json\/wp\/v2\/product_cat?post=18410"},{"taxonomy":"product_tag","embeddable":true,"href":"https:\/\/tusa.viewsite.link\/es\/wp-json\/wp\/v2\/product_tag?post=18410"}],"curies":[{"name":"wp","href":"https:\/\/api.w.org\/{rel}","templated":true}]}}